{"id":1312,"date":"2021-01-04T15:59:29","date_gmt":"2021-01-04T12:59:29","guid":{"rendered":"https:\/\/dregemeneroglu.com\/anasayfa\/"},"modified":"2021-08-24T16:47:21","modified_gmt":"2021-08-24T13:47:21","slug":"anasayfa","status":"publish","type":"page","link":"https:\/\/dregemeneroglu.com\/en\/","title":{"rendered":"Home"},"content":{"rendered":"<div class=\"wpb-content-wrapper\"><p>[vc_row full_width=&#8221;stretch_row_content_no_spaces&#8221;][vc_column][\/vc_column][\/vc_row][vc_row css_animation=&#8221;none&#8221;][vc_column]<div class=\"icon-box-items row style2 prev-layer\"><div class=\"icon-box-item-wrap col-xs-12 col-sm-6 col-md-6\"><div class=\"icon-box-item icon-box-69ede21220cac\"><div class=\"top\"><i class=\"free-basic-ui-elements-placeholder\"><\/i><div><div class=\"cell\">Contact Details<\/div><\/div><\/div><div class=\"wrap\"><a href=\"tel:4443777\" target=\"_self\" class=\"link\">444 37 77 - 1380\/1382\/7166<\/a><i class=\"s-icon free-basic-ui-elements-placeholder\"><\/i><\/div><\/div><\/div><div class=\"icon-box-item-wrap col-xs-12 col-sm-6 col-md-6\"><div class=\"icon-box-item icon-box-69ede21220f2f\"><div class=\"top\"><i class=\"bold-outline-medical-elements-add-button\"><\/i><div><div class=\"cell\">Make an Appointment<\/div><\/div><\/div><div class=\"wrap\"><a href=\"mailto:info@dregemeneroglu.com\" target=\"_self\" class=\"link\">info@dregemeneroglu.com<\/a><i class=\"s-icon bold-outline-medical-elements-add-button\"><\/i><\/div><\/div><\/div><\/div>[\/vc_column][\/vc_row][vc_row css_animation=&#8221;fadeInRight&#8221; css=&#8221;.vc_custom_1512138730715{padding-top: 40px !important;}&#8221;][vc_column css_animation=&#8221;fadeInLeft&#8221; width=&#8221;1\/3&#8243;][vc_column_text]<img loading=\"lazy\" decoding=\"async\" class=\"alignnone wp-image-1137 size-full\" src=\"http:\/\/dregemeneroglu.com\/wp-content\/uploads\/2020\/12\/ART_7393-e1608129772208.jpg\" alt=\"\" width=\"940\" height=\"1200\" srcset=\"https:\/\/dregemeneroglu.com\/wp-content\/uploads\/2020\/12\/ART_7393-e1608129772208.jpg 940w, https:\/\/dregemeneroglu.com\/wp-content\/uploads\/2020\/12\/ART_7393-e1608129772208-235x300.jpg 235w, https:\/\/dregemeneroglu.com\/wp-content\/uploads\/2020\/12\/ART_7393-e1608129772208-802x1024.jpg 802w, https:\/\/dregemeneroglu.com\/wp-content\/uploads\/2020\/12\/ART_7393-e1608129772208-768x980.jpg 768w\" sizes=\"auto, (max-width: 940px) 100vw, 940px\" \/>[\/vc_column_text][\/vc_column][vc_column width=&#8221;2\/3&#8243;][vc_custom_heading text=&#8221;Who am I?&#8221; font_container=&#8221;tag:h2|text_align:left|line_height:1.167em&#8221; use_theme_fonts=&#8221;yes&#8221; decor_line=&#8221;on&#8221;][vc_column_text css=&#8221;.vc_custom_1610014526278{margin-bottom: 0px !important;}&#8221;]I was born in 1972 in Mersin.<br \/>\nI completed my primary education in Nam\u0131k Kemal Primary School, in a historical building. Later this building became history. I finished high school in 1990 at Tarsus American College, which I think has contributed a lot to me in every area.<\/p>\n<p>Ever since I was a kid, I always thought of studying medicine. I chose Istanbul University, Cerrahpa\u015fa Faculty of Medicine, English Department, which was founded by my teacher Prof. Dr. U\u011fur Derman who planned to provide special education only for forty students. I completed my education, which I did with great pleasure, in 1996 and got my Medical Doctor diploma.[\/vc_column_text][vc_btn title=&#8221;Read More&#8221; style=&#8221;custom&#8221; custom_background=&#8221;#51c2cd&#8221; custom_text=&#8221;#ffffff&#8221; shape=&#8221;square&#8221; size=&#8221;sm&#8221; link=&#8221;url:https%3A%2F%2Fdregemeneroglu.com%2Fen%2Fben-kimim%2F&#8221; css=&#8221;.vc_custom_1610014542345{margin-top: 20px !important;}&#8221;][\/vc_column][\/vc_row][vc_row][vc_column][\/vc_column][vc_column css_animation=&#8221;fadeInLeft&#8221; width=&#8221;1\/4&#8243;][vc_single_image image=&#8221;1287&#8243; img_size=&#8221;115&#215;115&#8243; style=&#8221;vc_box_outline_circle_2&#8243; border_color=&#8221;turquoise&#8221; css=&#8221;.vc_custom_1608826188025{margin-bottom: 20px !important;}&#8221;][vc_column_text]<\/p>\n<h4 style=\"margin-bottom: 15px;\"><span style=\"font-weight: 600;\">Who is a pediatric surgeon?<\/span><\/h4>\n<p style=\"line-height: 1.7em;\">First, we complete six years of medical education and get the title of \u201cMedical Doctor\u201d. Then we pass the medical specialty exam and begin our training&#8230;<\/p>\n<p>[\/vc_column_text][vc_btn title=&#8221;More&#8221; style=&#8221;custom&#8221; custom_background=&#8221;#51c2cd&#8221; custom_text=&#8221;#ffffff&#8221; shape=&#8221;square&#8221; size=&#8221;sm&#8221; link=&#8221;url:https%3A%2F%2Fdregemeneroglu.com%2Fen%2Fwho-is-a-pediatric-surgeon%2F&#8221; css=&#8221;.vc_custom_1610014623247{margin-top: 20px !important;}&#8221;][\/vc_column][vc_column css_animation=&#8221;fadeInUp&#8221; width=&#8221;1\/4&#8243;][vc_single_image image=&#8221;1286&#8243; img_size=&#8221;115&#215;115&#8243; style=&#8221;vc_box_outline_circle_2&#8243; border_color=&#8221;turquoise&#8221; css=&#8221;.vc_custom_1608826182525{margin-bottom: 20px !important;}&#8221;][vc_column_text]<\/p>\n<h4 style=\"margin-bottom: 15px;\"><span style=\"font-weight: 600;\">Is a pediatric surgeon needed?<\/span><\/h4>\n<p style=\"line-height: 1.7em;\">I hear this question a lot: Can\u2019t an adult general surgeon, urologist, or a thoracic surgeon operate on children? Do we need you?<\/p>\n<p>[\/vc_column_text][vc_btn title=&#8221;More&#8221; style=&#8221;custom&#8221; custom_background=&#8221;#51c2cd&#8221; custom_text=&#8221;#ffffff&#8221; shape=&#8221;square&#8221; size=&#8221;sm&#8221; link=&#8221;url:https%3A%2F%2Fdregemeneroglu.com%2Fen%2Fis-a-pediatric-surgeon-needed%2F&#8221; css=&#8221;.vc_custom_1610014658681{margin-top: 20px !important;}&#8221;][\/vc_column][vc_column css_animation=&#8221;fadeInUp&#8221; width=&#8221;1\/4&#8243;][vc_single_image image=&#8221;1285&#8243; img_size=&#8221;115&#215;115&#8243; style=&#8221;vc_box_outline_circle_2&#8243; border_color=&#8221;turquoise&#8221; css=&#8221;.vc_custom_1608826100603{margin-bottom: 20px !important;}&#8221;][vc_column_text]<\/p>\n<h4 style=\"margin-bottom: 15px;\"><span style=\"font-weight: 600;\">We in the press<\/span><\/h4>\n<p style=\"line-height: 1.7em;\">Some news that were published in media and newsletter&#8230;<\/p>\n<p>[\/vc_column_text][vc_btn title=&#8221;More&#8221; style=&#8221;custom&#8221; custom_background=&#8221;#51c2cd&#8221; custom_text=&#8221;#ffffff&#8221; shape=&#8221;square&#8221; size=&#8221;sm&#8221; link=&#8221;url:https%3A%2F%2Fdregemeneroglu.com%2Fen%2Fwe-in-the-press%2F&#8221; css=&#8221;.vc_custom_1610014740594{margin-top: 20px !important;}&#8221;][\/vc_column][vc_column css_animation=&#8221;fadeInRight&#8221; width=&#8221;1\/4&#8243;][vc_single_image image=&#8221;1654&#8243; img_size=&#8221;115&#215;115&#8243; style=&#8221;vc_box_outline_circle_2&#8243; border_color=&#8221;turquoise&#8221; css=&#8221;.vc_custom_1629812691900{margin-bottom: 20px !important;}&#8221;][vc_column_text]<\/p>\n<h4 style=\"margin-bottom: 15px;\"><span style=\"font-weight: 600;\">The Story Of Male Circumcision<\/span><\/h4>\n<p style=\"line-height: 1.7em;\">With the desire to share my research and experience that I have been doing for years, I wrote a book called \u201cThe Story of Male Circumcision in&#8230;<\/p>\n<p>[\/vc_column_text][vc_btn title=&#8221;More&#8221; style=&#8221;custom&#8221; custom_background=&#8221;#51c2cd&#8221; custom_text=&#8221;#ffffff&#8221; shape=&#8221;square&#8221; size=&#8221;sm&#8221; link=&#8221;url:https%3A%2F%2Fdregemeneroglu.com%2Fen%2Fthe-story-of-male-circumcision%2F&#8221; css=&#8221;.vc_custom_1629812700754{margin-top: 20px !important;}&#8221;][\/vc_column][\/vc_row][vc_row css_animation=&#8221;fadeIn&#8221;][vc_column][vc_custom_heading text=&#8221;Feedback From Our Patients&#8221; font_container=&#8221;tag:h3|text_align:left&#8221; use_theme_fonts=&#8221;yes&#8221; decor_line=&#8221;on&#8221;]<div class=\"testimonials row testimonials-5a1695dc92125\"><div class=\"testimonial-item\"><div class=\"top\"><div class=\"title\"><div class=\"cell\"><div class=\"h\">Doruk T.<\/div><div class=\"post\">24 years old<\/div><\/div><\/div><\/div><div class=\"text\">From the bottom of my heart. I can say that he is one of the greatest in his expertise. Years ago, I was undergone a surgery and the whole processes flawless. He was a great comrade during the post-op period too. Cheers to one of my favorite doc \ud83d\ude42<\/div><\/div><div class=\"testimonial-item\"><div class=\"top\"><div class=\"title\"><div class=\"cell\"><div class=\"h\">Erkhan G.<\/div><div class=\"post\">Berk\u2019s dad<\/div><\/div><\/div><\/div><div class=\"text\">...our hero since restoring my beloved son to his health ... it was a unique feature worthy of every praise that he comforted us with simple clear explanations ... we owe him the moments we spent happy with the family\u2026<\/div><\/div><div class=\"testimonial-item\"><div class=\"top\"><div class=\"title\"><div class=\"cell\"><div class=\"h\">Dilek S.<\/div><div class=\"post\">Arda\u2019s mother<\/div><\/div><\/div><\/div><div class=\"text\">Thank you sooo much for the care you showed to my son\u2019s surgery. We are glad to have you. We love you so much.<\/div><\/div><div class=\"testimonial-item\"><div class=\"top\"><div class=\"title\"><div class=\"cell\"><div class=\"h\">Dilek \u015e.<\/div><div class=\"post\">Arda\u2019s mother<\/div><\/div><\/div><\/div><div class=\"text\">Our son\u2019s pyloric stenosis surgery was successful by your approach and responsibility when he was one moth old. He is 11 years old now, does not have a scar. We are very happy. Thanks...<\/div><\/div><div class=\"testimonial-item\"><div class=\"top\"><div class=\"title\"><div class=\"cell\"><div class=\"h\">Beyza G.<\/div><div class=\"post\">Berk\u2019s mother<\/div><\/div><\/div><\/div><div class=\"text\">\u2026performed my son's newborn circumcision flawlessly in a short time, with minimum pain, high level of care and professionalism. He made us very comfortable with his positive and peaceful approach.\u2026<\/div><\/div><div class=\"testimonial-item\"><div class=\"top\"><div class=\"title\"><div class=\"cell\"><div class=\"h\">Zeynep S.<\/div><div class=\"post\">R\u00fczgar\u2019s mother<\/div><\/div><\/div><\/div><div class=\"text\">Because of our precious doktor Egemen Eroglu our journey in hospital was perfect. He was very professional. He showed us good care and it was perfect\u2026<\/div><\/div><div class=\"testimonial-item\"><div class=\"top\"><div class=\"title\"><div class=\"cell\"><div class=\"h\">Fourkan M.<\/div><div class=\"post\">12 years old<\/div><\/div><\/div><\/div><div class=\"text\">...I've had a lot of surgeries. Most of them were done by Dr. Egemen in the American hospital. He is is a very good doctor, he loves children and what I like most about him is that he is not like other doctors. He wants to discharge his patients as soon as possible, he speaks openly. I trust Dr. Egemen...<\/div><\/div><div class=\"testimonial-item\"><div class=\"top\"><div class=\"title\"><div class=\"cell\"><div class=\"h\">Eda T.<\/div><div class=\"post\">14 years old<\/div><\/div><\/div><\/div><div class=\"text\">Last year Dr. Egemen operated me due to pilonidal sinus. During the whole process he was so kind\u2026 I am very well now. I love him \ud83d\ude42<\/div><\/div><div class=\"testimonial-item\"><div class=\"top\"><div class=\"title\"><div class=\"cell\"><div class=\"h\">Ceyda V.<\/div><div class=\"post\">Ali\u2019s mother<\/div><\/div><\/div><\/div><div class=\"text\">Dr. Egemen corrected the hypospadias of my son at the age of 1. Everything went well and it helped us a lot to make this period easy. God bless you.<\/div><\/div><div class=\"testimonial-item\"><div class=\"top\"><div class=\"title\"><div class=\"cell\"><div class=\"h\">\u015eenay C.<\/div><div class=\"post\">Mert\u2019s mother<\/div><\/div><\/div><\/div><div class=\"text\">My son had a successful surgery due to high grade hypospadias in two steps at the Koc University Hospital. Many thanks to Prof. Egemen and his team, and Dr. Mehmet Ali\u2026<\/div><\/div><div class=\"testimonial-item\"><div class=\"top\"><div class=\"title\"><div class=\"cell\"><div class=\"h\">Selvinaz A.<\/div><div class=\"post\">Bade\u2019s mother<\/div><\/div><\/div><\/div><div class=\"text\">We would like to thank Prof. Egemen who easily performed my daughter's appendicitis surgery like pulling a hair from butter. Everything was very comfortable ... not even a trace.<\/div><\/div><div class=\"testimonial-item\"><div class=\"top\"><div class=\"title\"><div class=\"cell\"><div class=\"h\">Ay\u015fen Y.<\/div><div class=\"post\">Can\u2019s mother<\/div><\/div><\/div><\/div><div class=\"text\">I gave my son to his skillful hands when he was 12 days old\u2026With the help of Dr. Egemen and his nurse G\u00fcne\u015f, our circumcision event was finished by the easiest and simplest way. We love you.<\/div><\/div><\/div>[vc_custom_heading text=&#8221;Journal of the Pediatric Surgeon&#8221; font_container=&#8221;tag:h3|text_align:left&#8221; use_theme_fonts=&#8221;yes&#8221; decor_line=&#8221;on&#8221; css=&#8221;.vc_custom_1615718229569{margin-top: 50px !important;}&#8221; link=&#8221;url:https%3A%2F%2Fdregemeneroglu.com%2Fen%2Fcocuk-cerrahinin-seyir-defteri%2F&#8221;]<div class=\"blog-block\"><div class=\"blog-items row blog-type-grid blog-5a16b4f1723d4  disable-iso\"><article class=\"blog-item category-blog-en with-image \"><div class=\"wrap\"><div class=\"img\"><a href=\"https:\/\/dregemeneroglu.com\/en\/cocuklar-kabiz-olmasin-diye-oneriler\/\" style=\"background-image: url(https:\/\/dregemeneroglu.com\/wp-content\/uploads\/2024\/09\/97c-1024x977.jpg);\"><\/a><\/div><div class=\"content\"><h4><a href=\"https:\/\/dregemeneroglu.com\/en\/cocuklar-kabiz-olmasin-diye-oneriler\/\">Suggestions to Prevent Constipation in Children...<\/a><\/h4><div class=\"text\">Bir \u00e7ocuk cerrah\u0131 olarak en sevmedi\u011fim konunun bu kab\u0131zl\u0131k konusu oldu\u011funu s\u00f6yleyebilirim. Belki de pediatristler ve pediatrik ...<\/div><a class=\"read-more-link\" href=\"https:\/\/dregemeneroglu.com\/en\/cocuklar-kabiz-olmasin-diye-oneriler\/\">Devam\u0131<\/a><\/div><\/div><\/article><article class=\"blog-item category-blog-en with-image \"><div class=\"wrap\"><div class=\"img\"><a href=\"https:\/\/dregemeneroglu.com\/en\/cocugumun-ameliyatindan-sonra-kasik-fitigi-nuks-edebilir-mi\/\" style=\"background-image: url(https:\/\/dregemeneroglu.com\/wp-content\/uploads\/2024\/10\/117-768x1024.jpg);\"><\/a><\/div><div class=\"content\"><h4><a href=\"https:\/\/dregemeneroglu.com\/en\/cocugumun-ameliyatindan-sonra-kasik-fitigi-nuks-edebilir-mi\/\">Can My Child\u2019s Inguinal Hernia Recur After Surgery?<\/a><\/h4><div class=\"text\">In my previous blogs and YouTube videos, I provided very detailed information about inguinal hernias in children. I drew diagra...<\/div><a class=\"read-more-link\" href=\"https:\/\/dregemeneroglu.com\/en\/cocugumun-ameliyatindan-sonra-kasik-fitigi-nuks-edebilir-mi\/\">Devam\u0131<\/a><\/div><\/div><\/article><article class=\"blog-item category-blog-en with-image \"><div class=\"wrap\"><div class=\"img\"><a href=\"https:\/\/dregemeneroglu.com\/en\/cocugumun-safra-kesesinde-tas-olabilir-mi\/\" style=\"background-image: url(https:\/\/dregemeneroglu.com\/wp-content\/uploads\/2024\/11\/90a-1024x707.jpg);\"><\/a><\/div><div class=\"content\"><h4><a href=\"https:\/\/dregemeneroglu.com\/en\/cocugumun-safra-kesesinde-tas-olabilir-mi\/\">Could My Child Have Gallstones?<\/a><\/h4><div class=\"text\">Let me answer the question in the title right away: Yes, your child could have gallstones.\r\n\r\nIn The Pediatric Surgeon\u2019s Journa...<\/div><a class=\"read-more-link\" href=\"https:\/\/dregemeneroglu.com\/en\/cocugumun-safra-kesesinde-tas-olabilir-mi\/\">Devam\u0131<\/a><\/div><\/div><\/article><\/div><\/div>[\/vc_column][\/vc_row]<\/p>\n<\/div>","protected":false},"excerpt":{"rendered":"<p>[vc_row full_width=&#8221;stretch_row_content_no_spaces&#8221;][vc_column][\/vc_column][\/vc_row][vc_row css_animation=&#8221;none&#8221;][vc_column][\/vc_column][\/vc_row][vc_row css_animation=&#8221;fadeInRight&#8221; css=&#8221;.vc_custom_1512138730715{padding-top: 40px !important;}&#8221;][vc_column css_animation=&#8221;fadeInLeft&#8221; width=&#8221;1\/3&#8243;][vc_column_text][\/vc_column_text][\/vc_column][vc_column width=&#8221;2\/3&#8243;][vc_custom_heading text=&#8221;Who am I?&#8221; font_container=&#8221;tag:h2|text_align:left|line_height:1.167em&#8221; use_theme_fonts=&#8221;yes&#8221; decor_line=&#8221;on&#8221;][vc_column_text css=&#8221;.vc_custom_1610014526278{margin-bottom: 0px !important;}&#8221;]I was born in 1972 in Mersin. I completed my primary education in Nam\u0131k Kemal Primary School, in a historical building. Later this building became history. I finished high school in 1990 at Tarsus American College, which [&hellip;]<\/p>\n","protected":false},"author":1,"featured_media":0,"parent":0,"menu_order":0,"comment_status":"closed","ping_status":"closed","template":"template-landing.php","meta":{"footnotes":""},"class_list":["post-1312","page","type-page","status-publish","hentry"],"yoast_head":"<!-- This site is optimized with the Yoast SEO plugin v27.0 - https:\/\/yoast.com\/product\/yoast-seo-wordpress\/ -->\n<title>Home - Prof. Dr. Egemen Ero\u011flu<\/title>\n<meta name=\"robots\" content=\"index, follow, max-snippet:-1, max-image-preview:large, max-video-preview:-1\" \/>\n<link rel=\"canonical\" href=\"https:\/\/dregemeneroglu.com\/en\/\" \/>\n<meta property=\"og:locale\" content=\"en_US\" \/>\n<meta property=\"og:type\" content=\"article\" \/>\n<meta property=\"og:title\" content=\"Home - Prof. Dr. Egemen Ero\u011flu\" \/>\n<meta property=\"og:description\" content=\"[vc_row full_width=&#8221;stretch_row_content_no_spaces&#8221;][vc_column][\/vc_column][\/vc_row][vc_row css_animation=&#8221;none&#8221;][vc_column][\/vc_column][\/vc_row][vc_row css_animation=&#8221;fadeInRight&#8221; css=&#8221;.vc_custom_1512138730715{padding-top: 40px !important;}&#8221;][vc_column css_animation=&#8221;fadeInLeft&#8221; width=&#8221;1\/3&#8243;][vc_column_text][\/vc_column_text][\/vc_column][vc_column width=&#8221;2\/3&#8243;][vc_custom_heading text=&#8221;Who am I?&#8221; font_container=&#8221;tag:h2|text_align:left|line_height:1.167em&#8221; use_theme_fonts=&#8221;yes&#8221; decor_line=&#8221;on&#8221;][vc_column_text css=&#8221;.vc_custom_1610014526278{margin-bottom: 0px !important;}&#8221;]I was born in 1972 in Mersin. I completed my primary education in Nam\u0131k Kemal Primary School, in a historical building. Later this building became history. I finished high school in 1990 at Tarsus American College, which [&hellip;]\" \/>\n<meta property=\"og:url\" content=\"https:\/\/dregemeneroglu.com\/en\/\" \/>\n<meta property=\"og:site_name\" content=\"Prof. Dr. Egemen Ero\u011flu\" \/>\n<meta property=\"article:publisher\" content=\"https:\/\/www.facebook.com\/egemen.eroglu.750\" \/>\n<meta property=\"article:modified_time\" content=\"2021-08-24T13:47:21+00:00\" \/>\n<meta property=\"og:image\" content=\"http:\/\/dregemeneroglu.com\/wp-content\/uploads\/2020\/12\/ART_7393-e1608129772208.jpg\" \/>\n<meta name=\"twitter:card\" content=\"summary_large_image\" \/>\n<meta name=\"twitter:label1\" content=\"Est. reading time\" \/>\n\t<meta name=\"twitter:data1\" content=\"5 minutes\" \/>\n<script type=\"application\/ld+json\" class=\"yoast-schema-graph\">{\"@context\":\"https:\/\/schema.org\",\"@graph\":[{\"@type\":\"WebPage\",\"@id\":\"https:\/\/dregemeneroglu.com\/en\/\",\"url\":\"https:\/\/dregemeneroglu.com\/en\/\",\"name\":\"Home - Prof. Dr. Egemen Ero\u011flu\",\"isPartOf\":{\"@id\":\"https:\/\/dregemeneroglu.com\/#website\"},\"primaryImageOfPage\":{\"@id\":\"https:\/\/dregemeneroglu.com\/en\/#primaryimage\"},\"image\":{\"@id\":\"https:\/\/dregemeneroglu.com\/en\/#primaryimage\"},\"thumbnailUrl\":\"http:\/\/dregemeneroglu.com\/wp-content\/uploads\/2020\/12\/ART_7393-e1608129772208.jpg\",\"datePublished\":\"2021-01-04T12:59:29+00:00\",\"dateModified\":\"2021-08-24T13:47:21+00:00\",\"breadcrumb\":{\"@id\":\"https:\/\/dregemeneroglu.com\/en\/#breadcrumb\"},\"inLanguage\":\"en-US\",\"potentialAction\":[{\"@type\":\"ReadAction\",\"target\":[\"https:\/\/dregemeneroglu.com\/en\/\"]}]},{\"@type\":\"ImageObject\",\"inLanguage\":\"en-US\",\"@id\":\"https:\/\/dregemeneroglu.com\/en\/#primaryimage\",\"url\":\"http:\/\/dregemeneroglu.com\/wp-content\/uploads\/2020\/12\/ART_7393-e1608129772208.jpg\",\"contentUrl\":\"http:\/\/dregemeneroglu.com\/wp-content\/uploads\/2020\/12\/ART_7393-e1608129772208.jpg\"},{\"@type\":\"BreadcrumbList\",\"@id\":\"https:\/\/dregemeneroglu.com\/en\/#breadcrumb\",\"itemListElement\":[{\"@type\":\"ListItem\",\"position\":1,\"name\":\"Ana sayfa\",\"item\":\"https:\/\/dregemeneroglu.com\/en\/\"},{\"@type\":\"ListItem\",\"position\":2,\"name\":\"Home\"}]},{\"@type\":\"WebSite\",\"@id\":\"https:\/\/dregemeneroglu.com\/#website\",\"url\":\"https:\/\/dregemeneroglu.com\/\",\"name\":\"Prof. Dr. Egemen Ero\u011flu\",\"description\":\"\",\"publisher\":{\"@id\":\"https:\/\/dregemeneroglu.com\/#organization\"},\"potentialAction\":[{\"@type\":\"SearchAction\",\"target\":{\"@type\":\"EntryPoint\",\"urlTemplate\":\"https:\/\/dregemeneroglu.com\/?s={search_term_string}\"},\"query-input\":{\"@type\":\"PropertyValueSpecification\",\"valueRequired\":true,\"valueName\":\"search_term_string\"}}],\"inLanguage\":\"en-US\"},{\"@type\":\"Organization\",\"@id\":\"https:\/\/dregemeneroglu.com\/#organization\",\"name\":\"dregemeneroglu\",\"url\":\"https:\/\/dregemeneroglu.com\/\",\"logo\":{\"@type\":\"ImageObject\",\"inLanguage\":\"en-US\",\"@id\":\"https:\/\/dregemeneroglu.com\/#\/schema\/logo\/image\/\",\"url\":\"https:\/\/dregemeneroglu.com\/wp-content\/uploads\/2020\/12\/logo.png\",\"contentUrl\":\"https:\/\/dregemeneroglu.com\/wp-content\/uploads\/2020\/12\/logo.png\",\"width\":233,\"height\":27,\"caption\":\"dregemeneroglu\"},\"image\":{\"@id\":\"https:\/\/dregemeneroglu.com\/#\/schema\/logo\/image\/\"},\"sameAs\":[\"https:\/\/www.facebook.com\/egemen.eroglu.750\",\"https:\/\/www.instagram.com\/dregemeneroglu\/\",\"https:\/\/www.linkedin.com\/in\/egemen-ero\u011flu-a2104a87\/?originalSubdomain=tr\",\"https:\/\/www.youtube.com\/channel\/UCT0CkMDEd3C50cocD77UCaQ\"]}]}<\/script>\n<!-- \/ Yoast SEO plugin. -->","yoast_head_json":{"title":"Home - Prof. Dr. Egemen Ero\u011flu","robots":{"index":"index","follow":"follow","max-snippet":"max-snippet:-1","max-image-preview":"max-image-preview:large","max-video-preview":"max-video-preview:-1"},"canonical":"https:\/\/dregemeneroglu.com\/en\/","og_locale":"en_US","og_type":"article","og_title":"Home - Prof. Dr. Egemen Ero\u011flu","og_description":"[vc_row full_width=&#8221;stretch_row_content_no_spaces&#8221;][vc_column][\/vc_column][\/vc_row][vc_row css_animation=&#8221;none&#8221;][vc_column][\/vc_column][\/vc_row][vc_row css_animation=&#8221;fadeInRight&#8221; css=&#8221;.vc_custom_1512138730715{padding-top: 40px !important;}&#8221;][vc_column css_animation=&#8221;fadeInLeft&#8221; width=&#8221;1\/3&#8243;][vc_column_text][\/vc_column_text][\/vc_column][vc_column width=&#8221;2\/3&#8243;][vc_custom_heading text=&#8221;Who am I?&#8221; font_container=&#8221;tag:h2|text_align:left|line_height:1.167em&#8221; use_theme_fonts=&#8221;yes&#8221; decor_line=&#8221;on&#8221;][vc_column_text css=&#8221;.vc_custom_1610014526278{margin-bottom: 0px !important;}&#8221;]I was born in 1972 in Mersin. I completed my primary education in Nam\u0131k Kemal Primary School, in a historical building. Later this building became history. I finished high school in 1990 at Tarsus American College, which [&hellip;]","og_url":"https:\/\/dregemeneroglu.com\/en\/","og_site_name":"Prof. Dr. Egemen Ero\u011flu","article_publisher":"https:\/\/www.facebook.com\/egemen.eroglu.750","article_modified_time":"2021-08-24T13:47:21+00:00","og_image":[{"url":"http:\/\/dregemeneroglu.com\/wp-content\/uploads\/2020\/12\/ART_7393-e1608129772208.jpg","type":"","width":"","height":""}],"twitter_card":"summary_large_image","twitter_misc":{"Est. reading time":"5 minutes"},"schema":{"@context":"https:\/\/schema.org","@graph":[{"@type":"WebPage","@id":"https:\/\/dregemeneroglu.com\/en\/","url":"https:\/\/dregemeneroglu.com\/en\/","name":"Home - Prof. Dr. Egemen Ero\u011flu","isPartOf":{"@id":"https:\/\/dregemeneroglu.com\/#website"},"primaryImageOfPage":{"@id":"https:\/\/dregemeneroglu.com\/en\/#primaryimage"},"image":{"@id":"https:\/\/dregemeneroglu.com\/en\/#primaryimage"},"thumbnailUrl":"http:\/\/dregemeneroglu.com\/wp-content\/uploads\/2020\/12\/ART_7393-e1608129772208.jpg","datePublished":"2021-01-04T12:59:29+00:00","dateModified":"2021-08-24T13:47:21+00:00","breadcrumb":{"@id":"https:\/\/dregemeneroglu.com\/en\/#breadcrumb"},"inLanguage":"en-US","potentialAction":[{"@type":"ReadAction","target":["https:\/\/dregemeneroglu.com\/en\/"]}]},{"@type":"ImageObject","inLanguage":"en-US","@id":"https:\/\/dregemeneroglu.com\/en\/#primaryimage","url":"http:\/\/dregemeneroglu.com\/wp-content\/uploads\/2020\/12\/ART_7393-e1608129772208.jpg","contentUrl":"http:\/\/dregemeneroglu.com\/wp-content\/uploads\/2020\/12\/ART_7393-e1608129772208.jpg"},{"@type":"BreadcrumbList","@id":"https:\/\/dregemeneroglu.com\/en\/#breadcrumb","itemListElement":[{"@type":"ListItem","position":1,"name":"Ana sayfa","item":"https:\/\/dregemeneroglu.com\/en\/"},{"@type":"ListItem","position":2,"name":"Home"}]},{"@type":"WebSite","@id":"https:\/\/dregemeneroglu.com\/#website","url":"https:\/\/dregemeneroglu.com\/","name":"Prof. Dr. Egemen Ero\u011flu","description":"","publisher":{"@id":"https:\/\/dregemeneroglu.com\/#organization"},"potentialAction":[{"@type":"SearchAction","target":{"@type":"EntryPoint","urlTemplate":"https:\/\/dregemeneroglu.com\/?s={search_term_string}"},"query-input":{"@type":"PropertyValueSpecification","valueRequired":true,"valueName":"search_term_string"}}],"inLanguage":"en-US"},{"@type":"Organization","@id":"https:\/\/dregemeneroglu.com\/#organization","name":"dregemeneroglu","url":"https:\/\/dregemeneroglu.com\/","logo":{"@type":"ImageObject","inLanguage":"en-US","@id":"https:\/\/dregemeneroglu.com\/#\/schema\/logo\/image\/","url":"https:\/\/dregemeneroglu.com\/wp-content\/uploads\/2020\/12\/logo.png","contentUrl":"https:\/\/dregemeneroglu.com\/wp-content\/uploads\/2020\/12\/logo.png","width":233,"height":27,"caption":"dregemeneroglu"},"image":{"@id":"https:\/\/dregemeneroglu.com\/#\/schema\/logo\/image\/"},"sameAs":["https:\/\/www.facebook.com\/egemen.eroglu.750","https:\/\/www.instagram.com\/dregemeneroglu\/","https:\/\/www.linkedin.com\/in\/egemen-ero\u011flu-a2104a87\/?originalSubdomain=tr","https:\/\/www.youtube.com\/channel\/UCT0CkMDEd3C50cocD77UCaQ"]}]}},"_links":{"self":[{"href":"https:\/\/dregemeneroglu.com\/en\/wp-json\/wp\/v2\/pages\/1312","targetHints":{"allow":["GET"]}}],"collection":[{"href":"https:\/\/dregemeneroglu.com\/en\/wp-json\/wp\/v2\/pages"}],"about":[{"href":"https:\/\/dregemeneroglu.com\/en\/wp-json\/wp\/v2\/types\/page"}],"author":[{"embeddable":true,"href":"https:\/\/dregemeneroglu.com\/en\/wp-json\/wp\/v2\/users\/1"}],"replies":[{"embeddable":true,"href":"https:\/\/dregemeneroglu.com\/en\/wp-json\/wp\/v2\/comments?post=1312"}],"version-history":[{"count":33,"href":"https:\/\/dregemeneroglu.com\/en\/wp-json\/wp\/v2\/pages\/1312\/revisions"}],"predecessor-version":[{"id":1692,"href":"https:\/\/dregemeneroglu.com\/en\/wp-json\/wp\/v2\/pages\/1312\/revisions\/1692"}],"wp:attachment":[{"href":"https:\/\/dregemeneroglu.com\/en\/wp-json\/wp\/v2\/media?parent=1312"}],"curies":[{"name":"wp","href":"https:\/\/api.w.org\/{rel}","templated":true}]}}