{"id":1318,"date":"2021-01-04T16:19:55","date_gmt":"2021-01-04T13:19:55","guid":{"rendered":"https:\/\/dregemeneroglu.com\/ben-kimim\/"},"modified":"2021-01-04T16:26:49","modified_gmt":"2021-01-04T13:26:49","slug":"ben-kimim","status":"publish","type":"page","link":"https:\/\/dregemeneroglu.com\/en\/ben-kimim\/","title":{"rendered":"Who am I?"},"content":{"rendered":"<div class=\"wpb-content-wrapper\"><p>[vc_row full_width=&#8221;stretch_row_content_no_spaces&#8221;][vc_column]<div class=\"banner-area banner-5a1e91c35a6b4\"><div class=\"banner  fixed-height\" style=\"height: 600px;\"><div class=\"item banner-item-69ede222e55f8 black content-align-left middle\" style=\"background-image: url(https:\/\/dregemeneroglu.com\/wp-content\/uploads\/2020\/12\/ART_7596.jpg);\"><div class=\"container\"><div class=\"cell\"><div class=\"link-area\"><\/div><\/div><\/div><\/div><\/div><\/div>[\/vc_column][\/vc_row][vc_row equal_height=&#8221;yes&#8221; css=&#8221;.vc_custom_1519119727754{padding-top: 40px !important;}&#8221;][vc_column css_animation=&#8221;fadeInLeft&#8221; width=&#8221;2\/3&#8243; offset=&#8221;vc_hidden-xs&#8221;][vc_custom_heading text=&#8221;Who am I?&#8221; font_container=&#8221;tag:h2|text_align:left|line_height:1.167em&#8221; use_theme_fonts=&#8221;yes&#8221; decor_line=&#8221;on&#8221;][vc_column_text css=&#8221;.vc_custom_1609766681634{margin-bottom: 0px !important;}&#8221;]I was born in 1972 in Mersin.<br \/>\nI completed my primary education in Nam\u0131k Kemal Primary School, in a historical building. Later this building became history. I finished high school in 1990 at Tarsus American College, which I think has contributed a lot to me in every area.<\/p>\n<p>Ever since I was a kid, I always thought of studying medicine. I chose Istanbul University, Cerrahpa\u015fa Faculty of Medicine, English Department, which was founded by my teacher Prof. Dr. U\u011fur Derman who planned to provide special education only for forty students. I completed my education, which I did with great pleasure, in 1996 and got my Medical Doctor diploma.<\/p>\n<p>I was very impressed by Paediatric Surgery Internship as, attendance to our classes were never interrupted and we got close attention during bedside visits. In my spare time, I was always visiting paediatric surgery department. I loved children very much, and I could easily communicate with kids of all ages. As a matter of course, I targeted \u201cPaediatric Surgery\u201d and started my residency training in Cerrahpasa Medical Faculty, Department of Paediatric Surgery after passing the Medical Specialisation Exam. [\/vc_column_text][\/vc_column][vc_column css_animation=&#8221;fadeInRight&#8221; width=&#8221;1\/3&#8243; el_class=&#8221;border-radius&#8221; offset=&#8221;vc_hidden-xs&#8221;][vc_single_image image=&#8221;1124&#8243; img_size=&#8221;full&#8221; css=&#8221;.vc_custom_1609766789589{margin-top: 80px !important;}&#8221;][\/vc_column][\/vc_row][vc_row equal_height=&#8221;yes&#8221; css=&#8221;.vc_custom_1519119727754{padding-top: 40px !important;}&#8221;][vc_column css_animation=&#8221;fadeInRight&#8221; width=&#8221;1\/3&#8243; el_class=&#8221;border-radius&#8221; offset=&#8221;vc_hidden-lg vc_hidden-md vc_hidden-sm&#8221;][vc_single_image image=&#8221;1124&#8243; img_size=&#8221;full&#8221; css=&#8221;.vc_custom_1608980996741{margin-top: 50px !important;}&#8221;][\/vc_column][vc_column css_animation=&#8221;fadeInLeft&#8221; width=&#8221;2\/3&#8243; offset=&#8221;vc_hidden-lg vc_hidden-md vc_hidden-sm&#8221;][vc_custom_heading text=&#8221;Ben Kimim?&#8221; font_container=&#8221;tag:h2|text_align:left|line_height:1.167em&#8221; use_theme_fonts=&#8221;yes&#8221; decor_line=&#8221;on&#8221;][vc_column_text css=&#8221;.vc_custom_1609766691416{margin-bottom: 0px !important;}&#8221;]I was born in 1972 in Mersin.<br \/>\nI completed my primary education in Nam\u0131k Kemal Primary School, in a historical building. Later this building became history. I finished high school in 1990 at Tarsus American College, which I think has contributed a lot to me in every area.<\/p>\n<p>Ever since I was a kid, I always thought of studying medicine. I chose Istanbul University, Cerrahpa\u015fa Faculty of Medicine, English Department, which was founded by my teacher Prof. Dr. U\u011fur Derman who planned to provide special education only for forty students. I completed my education, which I did with great pleasure, in 1996 and got my Medical Doctor diploma.<\/p>\n<p>I was very impressed by Paediatric Surgery Internship as, attendance to our classes were never interrupted and we got close attention during bedside visits. In my spare time, I was always visiting paediatric surgery department. I loved children very much, and I could easily communicate with kids of all ages. As a matter of course, I targeted \u201cPaediatric Surgery\u201d and started my residency training in Cerrahpasa Medical Faculty, Department of Paediatric Surgery after passing the Medical Specialisation Exam.[\/vc_column_text][\/vc_column][\/vc_row][vc_row equal_height=&#8221;yes&#8221; css=&#8221;.vc_custom_1519119727754{padding-top: 40px !important;}&#8221;][vc_column css_animation=&#8221;fadeInLeft&#8221; width=&#8221;1\/3&#8243; el_class=&#8221;border-radius&#8221; css=&#8221;.vc_custom_1608981013761{margin-bottom: 30px !important;}&#8221;][vc_single_image image=&#8221;1146&#8243; img_size=&#8221;full&#8221; css=&#8221;.vc_custom_1609766806607{margin-top: 50px !important;}&#8221;][\/vc_column][vc_column css_animation=&#8221;fadeInRight&#8221; width=&#8221;2\/3&#8243;][vc_column_text css=&#8221;.vc_custom_1609766723449{margin-bottom: 0px !important;}&#8221;]In the meantime, I passed the USMLE exams (Step 1 and 2), which are required to be a Specialist in America, with very good scores, but I did not have enough time and need to go during the very very intense residency training, which included duties on every other night. I was so caught up in the Paediatric Surgery that I couldn&#8217;t quit.<br \/>\nDuring my general surgery rotation in 1999, I have been at Mott\u2019s Children Hospital, University of Michigan, Department of Paediatric Surgery as an observer for 2 months. I have came to the conclusion that completing my residency training in Turkey was the right choice.<\/p>\n<p>In 2000, I married my friend and colleague Dr. Ba\u015fak Torum.<\/p>\n<p>I completed my residency training in I.\u00dc. Cerrahpa\u015fa Medical Faculty, Dept. Of Pediatric Surgery in 2002. In the same year, our daughter S\u0131rma was born.<\/p>\n<p>I started to work full-time at the American Hospital, Department of Pediatric Surgery in 2002.<br \/>\nSo American Hospital has become one of the the first private hospitals that provided full-time Paediatric Surgery service.<br \/>\nIn 2004, I became the Head of Pediatric Surgery Department and I still carry out this duty.[\/vc_column_text][\/vc_column][\/vc_row][vc_row equal_height=&#8221;yes&#8221; css=&#8221;.vc_custom_1519119727754{padding-top: 40px !important;}&#8221;][vc_column css_animation=&#8221;fadeInLeft&#8221; width=&#8221;2\/3&#8243; offset=&#8221;vc_hidden-xs&#8221;][vc_column_text css=&#8221;.vc_custom_1609766737003{margin-bottom: 0px !important;}&#8221;]After the residency training, I never neglected to do scientific researches on the subjects that I was interested, and never stopped to participate in congresses and meetings.<br \/>\nI have been an observer at Our Lady&#8217;s Hospital for Sick Children in 2004, Ireland and at Texas Children&#8217;s Hospital, Houston, USA in 2005.<br \/>\nIn Manheim, Germany in 2004, after passing the European Pediatric Surgery Board exam I received the EUPS certificate and immediately after that I got the certificate of competency at paediatrc surgery by Turkish Association of Pediatric Surgeons.<br \/>\nIn 2006, our son Kuzey Ata was born.<\/p>\n<p>In 2011, I published my book, &#8220;Male Circumcision: Story in Human History&#8221;, which is very important for me. The same year our daughter Zavi, a four-legged new member, joined our family<\/p>\n<p>In 2012, I got the title of Associate Professor.<\/p>\n<p>Among the many reasons, the first thing that triggered me to take the Associate Professorship exam was the establishment of the Ko\u00e7 University School of Medicine. I joined the Ko\u00e7 Medical School after passing the exam and played a role in its establishment. On the one hand, while working at the American Hospital, I transferred my experiences to my academic studies.<\/p>\n<p>I became a professor in 2018. Our Pediatric Surgery team at Ko\u00e7 Medical School has grown and in 2019, I handed over the chairmanship of the Department of Pediatric Surgery, which I have been conducting since its establishment.<br \/>\nI am still working as a lecturer at Ko\u00e7 University School of Medicine, Department of Pediatric Surgery.[\/vc_column_text][\/vc_column][vc_column css_animation=&#8221;fadeInRight&#8221; width=&#8221;1\/3&#8243; el_class=&#8221;border-radius&#8221; css=&#8221;.vc_custom_1608981132398{margin-bottom: 30px !important;}&#8221; offset=&#8221;vc_hidden-xs&#8221;][vc_single_image image=&#8221;1147&#8243; img_size=&#8221;full&#8221;][\/vc_column][\/vc_row][vc_row equal_height=&#8221;yes&#8221; css=&#8221;.vc_custom_1519119727754{padding-top: 40px !important;}&#8221;][vc_column css_animation=&#8221;fadeInRight&#8221; width=&#8221;1\/3&#8243; el_class=&#8221;border-radius&#8221; css=&#8221;.vc_custom_1608981118057{margin-bottom: 30px !important;}&#8221; offset=&#8221;vc_hidden-lg vc_hidden-md vc_hidden-sm&#8221;][vc_single_image image=&#8221;1147&#8243; img_size=&#8221;full&#8221;][\/vc_column][vc_column css_animation=&#8221;fadeInLeft&#8221; width=&#8221;2\/3&#8243; offset=&#8221;vc_hidden-lg vc_hidden-md vc_hidden-sm&#8221;][vc_column_text css=&#8221;.vc_custom_1609766744868{margin-bottom: 0px !important;}&#8221;]After the residency training, I never neglected to do scientific researches on the subjects that I was interested, and never stopped to participate in congresses and meetings.<br \/>\nI have been an observer at Our Lady&#8217;s Hospital for Sick Children in 2004, Ireland and at Texas Children&#8217;s Hospital, Houston, USA in 2005.<br \/>\nIn Manheim, Germany in 2004, after passing the European Pediatric Surgery Board exam I received the EUPS certificate and immediately after that I got the certificate of competency at paediatrc surgery by Turkish Association of Pediatric Surgeons.<br \/>\nIn 2006, our son Kuzey Ata was born.<\/p>\n<p>In 2011, I published my book, &#8220;Male Circumcision: Story in Human History&#8221;, which is very important for me. The same year our daughter Zavi, a four-legged new member, joined our family<\/p>\n<p>In 2012, I got the title of Associate Professor.<\/p>\n<p>Among the many reasons, the first thing that triggered me to take the Associate Professorship exam was the establishment of the Ko\u00e7 University School of Medicine. I joined the Ko\u00e7 Medical School after passing the exam and played a role in its establishment. On the one hand, while working at the American Hospital, I transferred my experiences to my academic studies.<\/p>\n<p>I became a professor in 2018. Our Pediatric Surgery team at Ko\u00e7 Medical School has grown and in 2019, I handed over the chairmanship of the Department of Pediatric Surgery, which I have been conducting since its establishment.<br \/>\nI am still working as a lecturer at Ko\u00e7 University School of Medicine, Department of Pediatric Surgery.[\/vc_column_text][vc_empty_space][\/vc_column][\/vc_row]<\/p>\n<\/div>","protected":false},"excerpt":{"rendered":"<p>[vc_row full_width=&#8221;stretch_row_content_no_spaces&#8221;][vc_column][\/vc_column][\/vc_row][vc_row equal_height=&#8221;yes&#8221; css=&#8221;.vc_custom_1519119727754{padding-top: 40px !important;}&#8221;][vc_column css_animation=&#8221;fadeInLeft&#8221; width=&#8221;2\/3&#8243; offset=&#8221;vc_hidden-xs&#8221;][vc_custom_heading text=&#8221;Who am I?&#8221; font_container=&#8221;tag:h2|text_align:left|line_height:1.167em&#8221; use_theme_fonts=&#8221;yes&#8221; decor_line=&#8221;on&#8221;][vc_column_text css=&#8221;.vc_custom_1609766681634{margin-bottom: 0px !important;}&#8221;]I was born in 1972 in Mersin. I completed my primary education in Nam\u0131k Kemal Primary School, in a historical building. Later this building became history. I finished high school in 1990 at Tarsus American College, which I [&hellip;]<\/p>\n","protected":false},"author":1,"featured_media":0,"parent":0,"menu_order":0,"comment_status":"closed","ping_status":"closed","template":"template-landing.php","meta":{"footnotes":""},"class_list":["post-1318","page","type-page","status-publish","hentry"],"yoast_head":"<!-- This site is optimized with the Yoast SEO plugin v27.0 - https:\/\/yoast.com\/product\/yoast-seo-wordpress\/ -->\n<title>Who am I? - Prof. Dr. Egemen Ero\u011flu<\/title>\n<meta name=\"robots\" content=\"index, follow, max-snippet:-1, max-image-preview:large, max-video-preview:-1\" \/>\n<link rel=\"canonical\" href=\"https:\/\/dregemeneroglu.com\/en\/ben-kimim\/\" \/>\n<meta property=\"og:locale\" content=\"en_US\" \/>\n<meta property=\"og:type\" content=\"article\" \/>\n<meta property=\"og:title\" content=\"Who am I? - Prof. Dr. Egemen Ero\u011flu\" \/>\n<meta property=\"og:description\" content=\"[vc_row full_width=&#8221;stretch_row_content_no_spaces&#8221;][vc_column][\/vc_column][\/vc_row][vc_row equal_height=&#8221;yes&#8221; css=&#8221;.vc_custom_1519119727754{padding-top: 40px !important;}&#8221;][vc_column css_animation=&#8221;fadeInLeft&#8221; width=&#8221;2\/3&#8243; offset=&#8221;vc_hidden-xs&#8221;][vc_custom_heading text=&#8221;Who am I?&#8221; font_container=&#8221;tag:h2|text_align:left|line_height:1.167em&#8221; use_theme_fonts=&#8221;yes&#8221; decor_line=&#8221;on&#8221;][vc_column_text css=&#8221;.vc_custom_1609766681634{margin-bottom: 0px !important;}&#8221;]I was born in 1972 in Mersin. I completed my primary education in Nam\u0131k Kemal Primary School, in a historical building. Later this building became history. I finished high school in 1990 at Tarsus American College, which I [&hellip;]\" \/>\n<meta property=\"og:url\" content=\"https:\/\/dregemeneroglu.com\/en\/ben-kimim\/\" \/>\n<meta property=\"og:site_name\" content=\"Prof. Dr. Egemen Ero\u011flu\" \/>\n<meta property=\"article:publisher\" content=\"https:\/\/www.facebook.com\/egemen.eroglu.750\" \/>\n<meta property=\"article:modified_time\" content=\"2021-01-04T13:26:49+00:00\" \/>\n<meta name=\"twitter:card\" content=\"summary_large_image\" \/>\n<meta name=\"twitter:label1\" content=\"Est. reading time\" \/>\n\t<meta name=\"twitter:data1\" content=\"7 minutes\" \/>\n<script type=\"application\/ld+json\" class=\"yoast-schema-graph\">{\"@context\":\"https:\/\/schema.org\",\"@graph\":[{\"@type\":\"WebPage\",\"@id\":\"https:\/\/dregemeneroglu.com\/en\/ben-kimim\/\",\"url\":\"https:\/\/dregemeneroglu.com\/en\/ben-kimim\/\",\"name\":\"Who am I? - Prof. Dr. Egemen Ero\u011flu\",\"isPartOf\":{\"@id\":\"https:\/\/dregemeneroglu.com\/#website\"},\"datePublished\":\"2021-01-04T13:19:55+00:00\",\"dateModified\":\"2021-01-04T13:26:49+00:00\",\"breadcrumb\":{\"@id\":\"https:\/\/dregemeneroglu.com\/en\/ben-kimim\/#breadcrumb\"},\"inLanguage\":\"en-US\",\"potentialAction\":[{\"@type\":\"ReadAction\",\"target\":[\"https:\/\/dregemeneroglu.com\/en\/ben-kimim\/\"]}]},{\"@type\":\"BreadcrumbList\",\"@id\":\"https:\/\/dregemeneroglu.com\/en\/ben-kimim\/#breadcrumb\",\"itemListElement\":[{\"@type\":\"ListItem\",\"position\":1,\"name\":\"Ana sayfa\",\"item\":\"https:\/\/dregemeneroglu.com\/en\/\"},{\"@type\":\"ListItem\",\"position\":2,\"name\":\"Who am I?\"}]},{\"@type\":\"WebSite\",\"@id\":\"https:\/\/dregemeneroglu.com\/#website\",\"url\":\"https:\/\/dregemeneroglu.com\/\",\"name\":\"Prof. Dr. Egemen Ero\u011flu\",\"description\":\"\",\"publisher\":{\"@id\":\"https:\/\/dregemeneroglu.com\/#organization\"},\"potentialAction\":[{\"@type\":\"SearchAction\",\"target\":{\"@type\":\"EntryPoint\",\"urlTemplate\":\"https:\/\/dregemeneroglu.com\/?s={search_term_string}\"},\"query-input\":{\"@type\":\"PropertyValueSpecification\",\"valueRequired\":true,\"valueName\":\"search_term_string\"}}],\"inLanguage\":\"en-US\"},{\"@type\":\"Organization\",\"@id\":\"https:\/\/dregemeneroglu.com\/#organization\",\"name\":\"dregemeneroglu\",\"url\":\"https:\/\/dregemeneroglu.com\/\",\"logo\":{\"@type\":\"ImageObject\",\"inLanguage\":\"en-US\",\"@id\":\"https:\/\/dregemeneroglu.com\/#\/schema\/logo\/image\/\",\"url\":\"https:\/\/dregemeneroglu.com\/wp-content\/uploads\/2020\/12\/logo.png\",\"contentUrl\":\"https:\/\/dregemeneroglu.com\/wp-content\/uploads\/2020\/12\/logo.png\",\"width\":233,\"height\":27,\"caption\":\"dregemeneroglu\"},\"image\":{\"@id\":\"https:\/\/dregemeneroglu.com\/#\/schema\/logo\/image\/\"},\"sameAs\":[\"https:\/\/www.facebook.com\/egemen.eroglu.750\",\"https:\/\/www.instagram.com\/dregemeneroglu\/\",\"https:\/\/www.linkedin.com\/in\/egemen-ero\u011flu-a2104a87\/?originalSubdomain=tr\",\"https:\/\/www.youtube.com\/channel\/UCT0CkMDEd3C50cocD77UCaQ\"]}]}<\/script>\n<!-- \/ Yoast SEO plugin. -->","yoast_head_json":{"title":"Who am I? - Prof. Dr. Egemen Ero\u011flu","robots":{"index":"index","follow":"follow","max-snippet":"max-snippet:-1","max-image-preview":"max-image-preview:large","max-video-preview":"max-video-preview:-1"},"canonical":"https:\/\/dregemeneroglu.com\/en\/ben-kimim\/","og_locale":"en_US","og_type":"article","og_title":"Who am I? - Prof. Dr. Egemen Ero\u011flu","og_description":"[vc_row full_width=&#8221;stretch_row_content_no_spaces&#8221;][vc_column][\/vc_column][\/vc_row][vc_row equal_height=&#8221;yes&#8221; css=&#8221;.vc_custom_1519119727754{padding-top: 40px !important;}&#8221;][vc_column css_animation=&#8221;fadeInLeft&#8221; width=&#8221;2\/3&#8243; offset=&#8221;vc_hidden-xs&#8221;][vc_custom_heading text=&#8221;Who am I?&#8221; font_container=&#8221;tag:h2|text_align:left|line_height:1.167em&#8221; use_theme_fonts=&#8221;yes&#8221; decor_line=&#8221;on&#8221;][vc_column_text css=&#8221;.vc_custom_1609766681634{margin-bottom: 0px !important;}&#8221;]I was born in 1972 in Mersin. I completed my primary education in Nam\u0131k Kemal Primary School, in a historical building. Later this building became history. I finished high school in 1990 at Tarsus American College, which I [&hellip;]","og_url":"https:\/\/dregemeneroglu.com\/en\/ben-kimim\/","og_site_name":"Prof. Dr. Egemen Ero\u011flu","article_publisher":"https:\/\/www.facebook.com\/egemen.eroglu.750","article_modified_time":"2021-01-04T13:26:49+00:00","twitter_card":"summary_large_image","twitter_misc":{"Est. reading time":"7 minutes"},"schema":{"@context":"https:\/\/schema.org","@graph":[{"@type":"WebPage","@id":"https:\/\/dregemeneroglu.com\/en\/ben-kimim\/","url":"https:\/\/dregemeneroglu.com\/en\/ben-kimim\/","name":"Who am I? - Prof. Dr. Egemen Ero\u011flu","isPartOf":{"@id":"https:\/\/dregemeneroglu.com\/#website"},"datePublished":"2021-01-04T13:19:55+00:00","dateModified":"2021-01-04T13:26:49+00:00","breadcrumb":{"@id":"https:\/\/dregemeneroglu.com\/en\/ben-kimim\/#breadcrumb"},"inLanguage":"en-US","potentialAction":[{"@type":"ReadAction","target":["https:\/\/dregemeneroglu.com\/en\/ben-kimim\/"]}]},{"@type":"BreadcrumbList","@id":"https:\/\/dregemeneroglu.com\/en\/ben-kimim\/#breadcrumb","itemListElement":[{"@type":"ListItem","position":1,"name":"Ana sayfa","item":"https:\/\/dregemeneroglu.com\/en\/"},{"@type":"ListItem","position":2,"name":"Who am I?"}]},{"@type":"WebSite","@id":"https:\/\/dregemeneroglu.com\/#website","url":"https:\/\/dregemeneroglu.com\/","name":"Prof. Dr. Egemen Ero\u011flu","description":"","publisher":{"@id":"https:\/\/dregemeneroglu.com\/#organization"},"potentialAction":[{"@type":"SearchAction","target":{"@type":"EntryPoint","urlTemplate":"https:\/\/dregemeneroglu.com\/?s={search_term_string}"},"query-input":{"@type":"PropertyValueSpecification","valueRequired":true,"valueName":"search_term_string"}}],"inLanguage":"en-US"},{"@type":"Organization","@id":"https:\/\/dregemeneroglu.com\/#organization","name":"dregemeneroglu","url":"https:\/\/dregemeneroglu.com\/","logo":{"@type":"ImageObject","inLanguage":"en-US","@id":"https:\/\/dregemeneroglu.com\/#\/schema\/logo\/image\/","url":"https:\/\/dregemeneroglu.com\/wp-content\/uploads\/2020\/12\/logo.png","contentUrl":"https:\/\/dregemeneroglu.com\/wp-content\/uploads\/2020\/12\/logo.png","width":233,"height":27,"caption":"dregemeneroglu"},"image":{"@id":"https:\/\/dregemeneroglu.com\/#\/schema\/logo\/image\/"},"sameAs":["https:\/\/www.facebook.com\/egemen.eroglu.750","https:\/\/www.instagram.com\/dregemeneroglu\/","https:\/\/www.linkedin.com\/in\/egemen-ero\u011flu-a2104a87\/?originalSubdomain=tr","https:\/\/www.youtube.com\/channel\/UCT0CkMDEd3C50cocD77UCaQ"]}]}},"_links":{"self":[{"href":"https:\/\/dregemeneroglu.com\/en\/wp-json\/wp\/v2\/pages\/1318","targetHints":{"allow":["GET"]}}],"collection":[{"href":"https:\/\/dregemeneroglu.com\/en\/wp-json\/wp\/v2\/pages"}],"about":[{"href":"https:\/\/dregemeneroglu.com\/en\/wp-json\/wp\/v2\/types\/page"}],"author":[{"embeddable":true,"href":"https:\/\/dregemeneroglu.com\/en\/wp-json\/wp\/v2\/users\/1"}],"replies":[{"embeddable":true,"href":"https:\/\/dregemeneroglu.com\/en\/wp-json\/wp\/v2\/comments?post=1318"}],"version-history":[{"count":6,"href":"https:\/\/dregemeneroglu.com\/en\/wp-json\/wp\/v2\/pages\/1318\/revisions"}],"predecessor-version":[{"id":1324,"href":"https:\/\/dregemeneroglu.com\/en\/wp-json\/wp\/v2\/pages\/1318\/revisions\/1324"}],"wp:attachment":[{"href":"https:\/\/dregemeneroglu.com\/en\/wp-json\/wp\/v2\/media?parent=1318"}],"curies":[{"name":"wp","href":"https:\/\/api.w.org\/{rel}","templated":true}]}}