{"id":1340,"date":"2021-01-04T17:17:06","date_gmt":"2021-01-04T14:17:06","guid":{"rendered":"https:\/\/dregemeneroglu.com\/cocuk-cerrahinin-seyir-defteri\/"},"modified":"2021-01-08T14:03:27","modified_gmt":"2021-01-08T11:03:27","slug":"cocuk-cerrahinin-seyir-defteri","status":"publish","type":"page","link":"https:\/\/dregemeneroglu.com\/en\/cocuk-cerrahinin-seyir-defteri\/","title":{"rendered":"Journal of the Pediatric Surgeon"},"content":{"rendered":"<div class=\"wpb-content-wrapper\"><p>[vc_row][vc_column][vc_custom_heading text=&#8221;Journal of the Pediatric Surgeon&#8221; use_theme_fonts=&#8221;yes&#8221; decor_line=&#8221;on&#8221;][vc_empty_space]<div class=\"blog-block\"><div class=\"filter-button-group tal\"><button data-filter=\"*\" class=\"active\">Hepsi<\/button><button data-filter=\".category-blog-en\">Blog<\/button><button data-filter=\".category-uncategorized\">Uncategorized<\/button><\/div><div class=\"blog-items row blog-type-grid blog-5a1eaa334329e  load-wrap\"><article class=\"blog-item category-blog-en with-image col-xs-12 col-sm-4\"><div class=\"wrap\"><div class=\"img\"><a href=\"https:\/\/dregemeneroglu.com\/en\/cocuklar-kabiz-olmasin-diye-oneriler\/\" style=\"background-image: url(https:\/\/dregemeneroglu.com\/wp-content\/uploads\/2024\/09\/97c-1024x977.jpg);\"><\/a><\/div><div class=\"content\"><h4><a href=\"https:\/\/dregemeneroglu.com\/en\/cocuklar-kabiz-olmasin-diye-oneriler\/\">Suggestions to Prevent Constipation in Children...<\/a><\/h4><div class=\"text\">Bir \u00e7ocuk cerrah\u0131 olarak en sevmedi\u011fim konunun bu kab\u0131zl\u0131k konusu oldu\u011funu s\u00f6yleyebilirim. Belki de pediatristler ve pediatrik ...<\/div><a class=\"read-more-link\" href=\"https:\/\/dregemeneroglu.com\/en\/cocuklar-kabiz-olmasin-diye-oneriler\/\">Devam\u0131<\/a><\/div><\/div><\/article><article class=\"blog-item category-blog-en with-image col-xs-12 col-sm-4\"><div class=\"wrap\"><div class=\"img\"><a href=\"https:\/\/dregemeneroglu.com\/en\/cocugumun-ameliyatindan-sonra-kasik-fitigi-nuks-edebilir-mi\/\" style=\"background-image: url(https:\/\/dregemeneroglu.com\/wp-content\/uploads\/2024\/10\/117-768x1024.jpg);\"><\/a><\/div><div class=\"content\"><h4><a href=\"https:\/\/dregemeneroglu.com\/en\/cocugumun-ameliyatindan-sonra-kasik-fitigi-nuks-edebilir-mi\/\">Can My Child\u2019s Inguinal Hernia Recur After Surgery?<\/a><\/h4><div class=\"text\">In my previous blogs and YouTube videos, I provided very detailed information about inguinal hernias in children. I drew diagra...<\/div><a class=\"read-more-link\" href=\"https:\/\/dregemeneroglu.com\/en\/cocugumun-ameliyatindan-sonra-kasik-fitigi-nuks-edebilir-mi\/\">Devam\u0131<\/a><\/div><\/div><\/article><article class=\"blog-item category-blog-en with-image col-xs-12 col-sm-4\"><div class=\"wrap\"><div class=\"img\"><a href=\"https:\/\/dregemeneroglu.com\/en\/cocugumun-safra-kesesinde-tas-olabilir-mi\/\" style=\"background-image: url(https:\/\/dregemeneroglu.com\/wp-content\/uploads\/2024\/11\/90a-1024x707.jpg);\"><\/a><\/div><div class=\"content\"><h4><a href=\"https:\/\/dregemeneroglu.com\/en\/cocugumun-safra-kesesinde-tas-olabilir-mi\/\">Could My Child Have Gallstones?<\/a><\/h4><div class=\"text\">Let me answer the question in the title right away: Yes, your child could have gallstones.\r\n\r\nIn The Pediatric Surgeon\u2019s Journa...<\/div><a class=\"read-more-link\" href=\"https:\/\/dregemeneroglu.com\/en\/cocugumun-safra-kesesinde-tas-olabilir-mi\/\">Devam\u0131<\/a><\/div><\/div><\/article><article class=\"blog-item category-blog-en with-image col-xs-12 col-sm-4\"><div class=\"wrap\"><div class=\"img\"><a href=\"https:\/\/dregemeneroglu.com\/en\/bebegimin-kulaginin-onunde-et-beni-var\/\" style=\"background-image: url(https:\/\/dregemeneroglu.com\/wp-content\/uploads\/2024\/03\/65-768x1024.jpg);\"><\/a><\/div><div class=\"content\"><h4><a href=\"https:\/\/dregemeneroglu.com\/en\/bebegimin-kulaginin-onunde-et-beni-var\/\">There is a skin tag in front of my baby&#039;s ear?<\/a><\/h4><div class=\"text\">Sometimes, regardless of whether it's a baby, child, or adult, you might see a piece of flesh in front of the ear, or if you lo...<\/div><a class=\"read-more-link\" href=\"https:\/\/dregemeneroglu.com\/en\/bebegimin-kulaginin-onunde-et-beni-var\/\">Devam\u0131<\/a><\/div><\/div><\/article><article class=\"blog-item category-blog-en with-image col-xs-12 col-sm-4\"><div class=\"wrap\"><div class=\"img\"><a href=\"https:\/\/dregemeneroglu.com\/en\/bebegimin-pipisinde-donukluk-var\/\" style=\"background-image: url(https:\/\/dregemeneroglu.com\/wp-content\/uploads\/2024\/02\/85.2-4-1006x1024.jpg);\"><\/a><\/div><div class=\"content\"><h4><a href=\"https:\/\/dregemeneroglu.com\/en\/bebegimin-pipisinde-donukluk-var\/\">**There is a torsion in my baby&#039;s penis...**<\/a><\/h4><div class=\"text\">From our previous videos and blogs, you know our views on neonatal circumcision. We do not believe that circumcision is medical...<\/div><a class=\"read-more-link\" href=\"https:\/\/dregemeneroglu.com\/en\/bebegimin-pipisinde-donukluk-var\/\">Devam\u0131<\/a><\/div><\/div><\/article><article class=\"blog-item category-blog-en with-image col-xs-12 col-sm-4\"><div class=\"wrap\"><div class=\"img\"><a href=\"https:\/\/dregemeneroglu.com\/en\/bebegim-beslendikten-sonra-fiskirir-tarzda-kusuyor\/\" style=\"background-image: url(https:\/\/dregemeneroglu.com\/wp-content\/uploads\/2024\/06\/39-768x1024.jpg);\"><\/a><\/div><div class=\"content\"><h4><a href=\"https:\/\/dregemeneroglu.com\/en\/bebegim-beslendikten-sonra-fiskirir-tarzda-kusuyor\/\">**After being fed, my baby vomits in a projectile manner...**<\/a><\/h4><div class=\"text\">A pediatrician friend of mine consulted about a one-month-old baby boy. The baby was fine in the initial weeks, but in recent d...<\/div><a class=\"read-more-link\" href=\"https:\/\/dregemeneroglu.com\/en\/bebegim-beslendikten-sonra-fiskirir-tarzda-kusuyor\/\">Devam\u0131<\/a><\/div><\/div><\/article><\/div><div class=\"loadmore-button-block tac\">\r\n        <a class=\"loadmore-button button-style2\" data-type=\"grid\" data-action=\"blog\" data-array=\"[{&quot;id&quot;:2143,&quot;cat&quot;:[&quot;blog-en&quot;]},{&quot;id&quot;:2111,&quot;cat&quot;:[&quot;blog-en&quot;]},{&quot;id&quot;:2081,&quot;cat&quot;:[&quot;blog-en&quot;]},{&quot;id&quot;:2038,&quot;cat&quot;:[&quot;blog-en&quot;]},{&quot;id&quot;:2027,&quot;cat&quot;:[&quot;blog-en&quot;]},{&quot;id&quot;:2024,&quot;cat&quot;:[&quot;blog-en&quot;]},{&quot;id&quot;:2007,&quot;cat&quot;:[&quot;blog-en&quot;]},{&quot;id&quot;:2002,&quot;cat&quot;:[&quot;blog-en&quot;]},{&quot;id&quot;:1961,&quot;cat&quot;:[&quot;blog-en&quot;]},{&quot;id&quot;:1958,&quot;cat&quot;:[&quot;blog-en&quot;]},{&quot;id&quot;:1940,&quot;cat&quot;:[&quot;blog-en&quot;]},{&quot;id&quot;:1932,&quot;cat&quot;:[&quot;blog-en&quot;,&quot;uncategorized&quot;]},{&quot;id&quot;:1918,&quot;cat&quot;:[&quot;blog-en&quot;]},{&quot;id&quot;:1904,&quot;cat&quot;:[&quot;blog-en&quot;]},{&quot;id&quot;:1888,&quot;cat&quot;:[&quot;blog-en&quot;]},{&quot;id&quot;:1885,&quot;cat&quot;:[&quot;blog-en&quot;]},{&quot;id&quot;:1861,&quot;cat&quot;:[&quot;blog-en&quot;]},{&quot;id&quot;:1854,&quot;cat&quot;:[&quot;blog-en&quot;]},{&quot;id&quot;:1843,&quot;cat&quot;:[&quot;blog-en&quot;]},{&quot;id&quot;:1831,&quot;cat&quot;:[&quot;blog-en&quot;]},{&quot;id&quot;:1820,&quot;cat&quot;:[&quot;blog-en&quot;]},{&quot;id&quot;:1809,&quot;cat&quot;:[&quot;blog-en&quot;]},{&quot;id&quot;:1787,&quot;cat&quot;:[&quot;blog-en&quot;]},{&quot;id&quot;:1774,&quot;cat&quot;:[&quot;blog-en&quot;]},{&quot;id&quot;:1758,&quot;cat&quot;:[&quot;blog-en&quot;]},{&quot;id&quot;:1738,&quot;cat&quot;:[&quot;blog-en&quot;]},{&quot;id&quot;:1734,&quot;cat&quot;:[&quot;blog-en&quot;]},{&quot;id&quot;:1716,&quot;cat&quot;:[&quot;blog-en&quot;]},{&quot;id&quot;:1712,&quot;cat&quot;:[&quot;blog-en&quot;]},{&quot;id&quot;:1700,&quot;cat&quot;:[&quot;blog-en&quot;]},{&quot;id&quot;:1685,&quot;cat&quot;:[&quot;blog-en&quot;]},{&quot;id&quot;:1677,&quot;cat&quot;:[&quot;blog-en&quot;]},{&quot;id&quot;:1669,&quot;cat&quot;:[&quot;blog-en&quot;]},{&quot;id&quot;:1667,&quot;cat&quot;:[&quot;blog-en&quot;]},{&quot;id&quot;:1630,&quot;cat&quot;:[&quot;blog-en&quot;]},{&quot;id&quot;:1626,&quot;cat&quot;:[&quot;blog-en&quot;]},{&quot;id&quot;:1622,&quot;cat&quot;:[&quot;blog-en&quot;]},{&quot;id&quot;:1589,&quot;cat&quot;:[&quot;blog-en&quot;]},{&quot;id&quot;:1585,&quot;cat&quot;:[&quot;blog-en&quot;]},{&quot;id&quot;:1547,&quot;cat&quot;:[&quot;blog-en&quot;]},{&quot;id&quot;:1544,&quot;cat&quot;:[&quot;blog-en&quot;]},{&quot;id&quot;:1541,&quot;cat&quot;:[&quot;blog-en&quot;]},{&quot;id&quot;:1525,&quot;cat&quot;:[&quot;blog-en&quot;]},{&quot;id&quot;:1514,&quot;cat&quot;:[&quot;blog-en&quot;]},{&quot;id&quot;:1489,&quot;cat&quot;:[&quot;blog-en&quot;]},{&quot;id&quot;:1357,&quot;cat&quot;:[&quot;blog-en&quot;]}]\" data-count=\"6\" data-atts=\"{&quot;uniq_id&quot;:&quot;5a1eaa334329e&quot;,&quot;count_items&quot;:&quot;6&quot;,&quot;type&quot;:&quot;grid&quot;,&quot;cols&quot;:&quot;3&quot;,&quot;filter_buttons&quot;:&quot;on&quot;,&quot;filter_buttons_align&quot;:&quot;tal&quot;,&quot;navigation&quot;:&quot;load_more&quot;,&quot;show_image&quot;:&quot;on&quot;,&quot;show_date&quot;:&quot;off&quot;,&quot;show_heading&quot;:&quot;on&quot;,&quot;show_desc&quot;:&quot;on&quot;,&quot;show_categories&quot;:&quot;on&quot;,&quot;show_read_more&quot;:&quot;on&quot;,&quot;orderby&quot;:&quot;date&quot;,&quot;order&quot;:&quot;DESC&quot;,&quot;source&quot;:&quot;categories&quot;,&quot;items&quot;:&quot;&quot;,&quot;categories&quot;:&quot;&quot;,&quot;carousel_mode&quot;:&quot;off&quot;,&quot;nav_buttons&quot;:&quot;on&quot;,&quot;autoplay&quot;:&quot;off&quot;,&quot;autoplay_timeout&quot;:&quot;5000&quot;,&quot;cols_on_desktop&quot;:&quot;4&quot;,&quot;cols_on_tablet&quot;:&quot;3&quot;,&quot;cols_on_mobile&quot;:&quot;2&quot;}\" data-magic-cursor=\"link\">\r\n          <span>Daha Fazla<\/span>\r\n        <\/a>\r\n      <\/div><\/div>[\/vc_column][\/vc_row]<\/p>\n<\/div>","protected":false},"excerpt":{"rendered":"<p>[vc_row][vc_column][vc_custom_heading text=&#8221;Journal of the Pediatric Surgeon&#8221; use_theme_fonts=&#8221;yes&#8221; decor_line=&#8221;on&#8221;][vc_empty_space][\/vc_column][\/vc_row]<\/p>\n","protected":false},"author":1,"featured_media":0,"parent":0,"menu_order":0,"comment_status":"closed","ping_status":"closed","template":"template-landing.php","meta":{"footnotes":""},"class_list":["post-1340","page","type-page","status-publish","hentry"],"yoast_head":"<!-- This site is optimized with the Yoast SEO plugin v27.0 - https:\/\/yoast.com\/product\/yoast-seo-wordpress\/ -->\n<title>Journal of the Pediatric Surgeon - Prof. Dr. Egemen Ero\u011flu<\/title>\n<meta name=\"robots\" content=\"index, follow, max-snippet:-1, max-image-preview:large, max-video-preview:-1\" \/>\n<link rel=\"canonical\" href=\"https:\/\/dregemeneroglu.com\/en\/cocuk-cerrahinin-seyir-defteri\/\" \/>\n<meta property=\"og:locale\" content=\"en_US\" \/>\n<meta property=\"og:type\" content=\"article\" \/>\n<meta property=\"og:title\" content=\"Journal of the Pediatric Surgeon - Prof. Dr. Egemen Ero\u011flu\" \/>\n<meta property=\"og:description\" content=\"[vc_row][vc_column][vc_custom_heading text=&#8221;Journal of the Pediatric Surgeon&#8221; use_theme_fonts=&#8221;yes&#8221; decor_line=&#8221;on&#8221;][vc_empty_space][\/vc_column][\/vc_row]\" \/>\n<meta property=\"og:url\" content=\"https:\/\/dregemeneroglu.com\/en\/cocuk-cerrahinin-seyir-defteri\/\" \/>\n<meta property=\"og:site_name\" content=\"Prof. Dr. Egemen Ero\u011flu\" \/>\n<meta property=\"article:publisher\" content=\"https:\/\/www.facebook.com\/egemen.eroglu.750\" \/>\n<meta property=\"article:modified_time\" content=\"2021-01-08T11:03:27+00:00\" \/>\n<meta name=\"twitter:card\" content=\"summary_large_image\" \/>\n<script type=\"application\/ld+json\" class=\"yoast-schema-graph\">{\"@context\":\"https:\/\/schema.org\",\"@graph\":[{\"@type\":\"WebPage\",\"@id\":\"https:\/\/dregemeneroglu.com\/en\/cocuk-cerrahinin-seyir-defteri\/\",\"url\":\"https:\/\/dregemeneroglu.com\/en\/cocuk-cerrahinin-seyir-defteri\/\",\"name\":\"Journal of the Pediatric Surgeon - Prof. Dr. Egemen Ero\u011flu\",\"isPartOf\":{\"@id\":\"https:\/\/dregemeneroglu.com\/#website\"},\"datePublished\":\"2021-01-04T14:17:06+00:00\",\"dateModified\":\"2021-01-08T11:03:27+00:00\",\"breadcrumb\":{\"@id\":\"https:\/\/dregemeneroglu.com\/en\/cocuk-cerrahinin-seyir-defteri\/#breadcrumb\"},\"inLanguage\":\"en-US\",\"potentialAction\":[{\"@type\":\"ReadAction\",\"target\":[\"https:\/\/dregemeneroglu.com\/en\/cocuk-cerrahinin-seyir-defteri\/\"]}]},{\"@type\":\"BreadcrumbList\",\"@id\":\"https:\/\/dregemeneroglu.com\/en\/cocuk-cerrahinin-seyir-defteri\/#breadcrumb\",\"itemListElement\":[{\"@type\":\"ListItem\",\"position\":1,\"name\":\"Ana sayfa\",\"item\":\"https:\/\/dregemeneroglu.com\/en\/\"},{\"@type\":\"ListItem\",\"position\":2,\"name\":\"Journal of the Pediatric Surgeon\"}]},{\"@type\":\"WebSite\",\"@id\":\"https:\/\/dregemeneroglu.com\/#website\",\"url\":\"https:\/\/dregemeneroglu.com\/\",\"name\":\"Prof. Dr. Egemen Ero\u011flu\",\"description\":\"\",\"publisher\":{\"@id\":\"https:\/\/dregemeneroglu.com\/#organization\"},\"potentialAction\":[{\"@type\":\"SearchAction\",\"target\":{\"@type\":\"EntryPoint\",\"urlTemplate\":\"https:\/\/dregemeneroglu.com\/?s={search_term_string}\"},\"query-input\":{\"@type\":\"PropertyValueSpecification\",\"valueRequired\":true,\"valueName\":\"search_term_string\"}}],\"inLanguage\":\"en-US\"},{\"@type\":\"Organization\",\"@id\":\"https:\/\/dregemeneroglu.com\/#organization\",\"name\":\"dregemeneroglu\",\"url\":\"https:\/\/dregemeneroglu.com\/\",\"logo\":{\"@type\":\"ImageObject\",\"inLanguage\":\"en-US\",\"@id\":\"https:\/\/dregemeneroglu.com\/#\/schema\/logo\/image\/\",\"url\":\"https:\/\/dregemeneroglu.com\/wp-content\/uploads\/2020\/12\/logo.png\",\"contentUrl\":\"https:\/\/dregemeneroglu.com\/wp-content\/uploads\/2020\/12\/logo.png\",\"width\":233,\"height\":27,\"caption\":\"dregemeneroglu\"},\"image\":{\"@id\":\"https:\/\/dregemeneroglu.com\/#\/schema\/logo\/image\/\"},\"sameAs\":[\"https:\/\/www.facebook.com\/egemen.eroglu.750\",\"https:\/\/www.instagram.com\/dregemeneroglu\/\",\"https:\/\/www.linkedin.com\/in\/egemen-ero\u011flu-a2104a87\/?originalSubdomain=tr\",\"https:\/\/www.youtube.com\/channel\/UCT0CkMDEd3C50cocD77UCaQ\"]}]}<\/script>\n<!-- \/ Yoast SEO plugin. -->","yoast_head_json":{"title":"Journal of the Pediatric Surgeon - Prof. Dr. Egemen Ero\u011flu","robots":{"index":"index","follow":"follow","max-snippet":"max-snippet:-1","max-image-preview":"max-image-preview:large","max-video-preview":"max-video-preview:-1"},"canonical":"https:\/\/dregemeneroglu.com\/en\/cocuk-cerrahinin-seyir-defteri\/","og_locale":"en_US","og_type":"article","og_title":"Journal of the Pediatric Surgeon - Prof. Dr. Egemen Ero\u011flu","og_description":"[vc_row][vc_column][vc_custom_heading text=&#8221;Journal of the Pediatric Surgeon&#8221; use_theme_fonts=&#8221;yes&#8221; decor_line=&#8221;on&#8221;][vc_empty_space][\/vc_column][\/vc_row]","og_url":"https:\/\/dregemeneroglu.com\/en\/cocuk-cerrahinin-seyir-defteri\/","og_site_name":"Prof. Dr. Egemen Ero\u011flu","article_publisher":"https:\/\/www.facebook.com\/egemen.eroglu.750","article_modified_time":"2021-01-08T11:03:27+00:00","twitter_card":"summary_large_image","schema":{"@context":"https:\/\/schema.org","@graph":[{"@type":"WebPage","@id":"https:\/\/dregemeneroglu.com\/en\/cocuk-cerrahinin-seyir-defteri\/","url":"https:\/\/dregemeneroglu.com\/en\/cocuk-cerrahinin-seyir-defteri\/","name":"Journal of the Pediatric Surgeon - Prof. Dr. Egemen Ero\u011flu","isPartOf":{"@id":"https:\/\/dregemeneroglu.com\/#website"},"datePublished":"2021-01-04T14:17:06+00:00","dateModified":"2021-01-08T11:03:27+00:00","breadcrumb":{"@id":"https:\/\/dregemeneroglu.com\/en\/cocuk-cerrahinin-seyir-defteri\/#breadcrumb"},"inLanguage":"en-US","potentialAction":[{"@type":"ReadAction","target":["https:\/\/dregemeneroglu.com\/en\/cocuk-cerrahinin-seyir-defteri\/"]}]},{"@type":"BreadcrumbList","@id":"https:\/\/dregemeneroglu.com\/en\/cocuk-cerrahinin-seyir-defteri\/#breadcrumb","itemListElement":[{"@type":"ListItem","position":1,"name":"Ana sayfa","item":"https:\/\/dregemeneroglu.com\/en\/"},{"@type":"ListItem","position":2,"name":"Journal of the Pediatric Surgeon"}]},{"@type":"WebSite","@id":"https:\/\/dregemeneroglu.com\/#website","url":"https:\/\/dregemeneroglu.com\/","name":"Prof. Dr. Egemen Ero\u011flu","description":"","publisher":{"@id":"https:\/\/dregemeneroglu.com\/#organization"},"potentialAction":[{"@type":"SearchAction","target":{"@type":"EntryPoint","urlTemplate":"https:\/\/dregemeneroglu.com\/?s={search_term_string}"},"query-input":{"@type":"PropertyValueSpecification","valueRequired":true,"valueName":"search_term_string"}}],"inLanguage":"en-US"},{"@type":"Organization","@id":"https:\/\/dregemeneroglu.com\/#organization","name":"dregemeneroglu","url":"https:\/\/dregemeneroglu.com\/","logo":{"@type":"ImageObject","inLanguage":"en-US","@id":"https:\/\/dregemeneroglu.com\/#\/schema\/logo\/image\/","url":"https:\/\/dregemeneroglu.com\/wp-content\/uploads\/2020\/12\/logo.png","contentUrl":"https:\/\/dregemeneroglu.com\/wp-content\/uploads\/2020\/12\/logo.png","width":233,"height":27,"caption":"dregemeneroglu"},"image":{"@id":"https:\/\/dregemeneroglu.com\/#\/schema\/logo\/image\/"},"sameAs":["https:\/\/www.facebook.com\/egemen.eroglu.750","https:\/\/www.instagram.com\/dregemeneroglu\/","https:\/\/www.linkedin.com\/in\/egemen-ero\u011flu-a2104a87\/?originalSubdomain=tr","https:\/\/www.youtube.com\/channel\/UCT0CkMDEd3C50cocD77UCaQ"]}]}},"_links":{"self":[{"href":"https:\/\/dregemeneroglu.com\/en\/wp-json\/wp\/v2\/pages\/1340","targetHints":{"allow":["GET"]}}],"collection":[{"href":"https:\/\/dregemeneroglu.com\/en\/wp-json\/wp\/v2\/pages"}],"about":[{"href":"https:\/\/dregemeneroglu.com\/en\/wp-json\/wp\/v2\/types\/page"}],"author":[{"embeddable":true,"href":"https:\/\/dregemeneroglu.com\/en\/wp-json\/wp\/v2\/users\/1"}],"replies":[{"embeddable":true,"href":"https:\/\/dregemeneroglu.com\/en\/wp-json\/wp\/v2\/comments?post=1340"}],"version-history":[{"count":5,"href":"https:\/\/dregemeneroglu.com\/en\/wp-json\/wp\/v2\/pages\/1340\/revisions"}],"predecessor-version":[{"id":1429,"href":"https:\/\/dregemeneroglu.com\/en\/wp-json\/wp\/v2\/pages\/1340\/revisions\/1429"}],"wp:attachment":[{"href":"https:\/\/dregemeneroglu.com\/en\/wp-json\/wp\/v2\/media?parent=1340"}],"curies":[{"name":"wp","href":"https:\/\/api.w.org\/{rel}","templated":true}]}}