{"id":1343,"date":"2021-01-04T17:18:56","date_gmt":"2021-01-04T14:18:56","guid":{"rendered":"https:\/\/dregemeneroglu.com\/iletisim\/"},"modified":"2021-01-04T17:25:08","modified_gmt":"2021-01-04T14:25:08","slug":"iletisim","status":"publish","type":"page","link":"https:\/\/dregemeneroglu.com\/en\/iletisim\/","title":{"rendered":"Contact"},"content":{"rendered":"<div class=\"wpb-content-wrapper\"><p>[vc_row][vc_column][vc_custom_heading text=&#8221;Contact&#8221; font_container=&#8221;tag:h3|text_align:left&#8221; use_theme_fonts=&#8221;yes&#8221; css_animation=&#8221;fadeInLeft&#8221; decor_line=&#8221;on&#8221;][\/vc_column][\/vc_row][vc_row css=&#8221;.vc_custom_1512121855489{padding-top: 30px !important;}&#8221;][vc_column css_animation=&#8221;fadeInLeft&#8221; width=&#8221;1\/3&#8243;][vc_row_inner css=&#8221;.vc_custom_1512122102436{margin-right: 0px !important;margin-bottom: 30px !important;margin-left: 0px !important;}&#8221;][vc_column_inner css=&#8221;.vc_custom_1512122134880{border-top-width: 1px !important;border-right-width: 1px !important;border-bottom-width: 1px !important;border-left-width: 1px !important;padding-right: 0px !important;padding-left: 0px !important;border-left-color: #ececec !important;border-left-style: solid !important;border-right-color: #ececec !important;border-right-style: solid !important;border-top-color: #ececec !important;border-top-style: solid !important;border-bottom-color: #ececec !important;border-bottom-style: solid !important;border-radius: 5px !important;}&#8221;][vc_icon icon_fontawesome=&#8221;health-care-icon-set-telephone-1&#8243; color=&#8221;turquoise&#8221; size=&#8221;lg&#8221; align=&#8221;center&#8221;][vc_column_text css=&#8221;.vc_custom_1609770098036{margin-top: -20px !important;margin-bottom: 15px !important;}&#8221;]<\/p>\n<p style=\"text-align: center;\"><span style=\"font-weight: 600; text-transform: uppercase;\">PHONE<\/span><\/p>\n<p>[\/vc_column_text][vc_column_text css=&#8221;.vc_custom_1608725736887{padding-bottom: 6px !important;}&#8221;]<\/p>\n<p style=\"text-align: center;\"><span style=\"font-size: 24px; font-weight: 400;\">444 37 77 &#8211; 1380\/1382\/7166<\/span><\/p>\n<p>[\/vc_column_text][vc_empty_space height=&#8221;22px&#8221;][\/vc_column_inner][\/vc_row_inner][\/vc_column][vc_column css_animation=&#8221;fadeInUp&#8221; width=&#8221;1\/3&#8243;][vc_row_inner css=&#8221;.vc_custom_1512122514121{margin-right: 0px !important;margin-bottom: 30px !important;margin-left: 0px !important;}&#8221;][vc_column_inner css=&#8221;.vc_custom_1512122463315{border-top-width: 1px !important;border-right-width: 1px !important;border-bottom-width: 1px !important;border-left-width: 1px !important;border-left-color: #ececec !important;border-left-style: solid !important;border-right-color: #ececec !important;border-right-style: solid !important;border-top-color: #ececec !important;border-top-style: solid !important;border-bottom-color: #ececec !important;border-bottom-style: solid !important;border-radius: 5px !important;}&#8221;][vc_icon icon_fontawesome=&#8221;free-basic-ui-elements-placeholder&#8221; color=&#8221;turquoise&#8221; size=&#8221;lg&#8221; align=&#8221;center&#8221;][vc_column_text css=&#8221;.vc_custom_1609770104665{margin-top: -20px !important;margin-bottom: 18px !important;}&#8221;]<\/p>\n<p style=\"text-align: center;\"><span style=\"font-weight: 600; text-transform: uppercase;\">ADDRESS<\/span><\/p>\n<p>[\/vc_column_text][vc_column_text css=&#8221;.vc_custom_1609770119811{margin-bottom: 32px !important;}&#8221;]<\/p>\n<p style=\"text-align: center;\">AMERICAN HOSPITAL<br \/>\nG\u00fczelbah\u00e7e Sok, No:20,<br \/>\n34365 Ni\u015fanta\u015f\u0131 \u0130stanbul, Turkey<\/p>\n<p>[\/vc_column_text][\/vc_column_inner][\/vc_row_inner][\/vc_column][vc_column css_animation=&#8221;fadeInUp&#8221; width=&#8221;1\/3&#8243;][vc_row_inner css=&#8221;.vc_custom_1512122545503{margin-right: 0px !important;margin-bottom: 30px !important;margin-left: 0px !important;}&#8221;][vc_column_inner css=&#8221;.vc_custom_1512122560155{border-top-width: 1px !important;border-right-width: 1px !important;border-bottom-width: 1px !important;border-left-width: 1px !important;border-left-color: #ececec !important;border-left-style: solid !important;border-right-color: #ececec !important;border-right-style: solid !important;border-top-color: #ececec !important;border-top-style: solid !important;border-bottom-color: #ececec !important;border-bottom-style: solid !important;border-radius: 5px !important;}&#8221;][vc_icon icon_fontawesome=&#8221;fa fa-envelope-o&#8221; color=&#8221;turquoise&#8221; size=&#8221;lg&#8221; align=&#8221;center&#8221;][vc_column_text css=&#8221;.vc_custom_1609770127206{margin-top: -20px !important;margin-bottom: 18px !important;}&#8221;]<\/p>\n<p style=\"text-align: center;\"><span style=\"font-weight: 600; text-transform: uppercase;\">e-MAIL<\/span><\/p>\n<p>[\/vc_column_text][vc_column_text css=&#8221;.vc_custom_1608887054919{padding-bottom: 18px !important;}&#8221;]<\/p>\n<p style=\"text-align: center;\"><a href=\"mailto:info@dregemeneroglu.com\">info@dregemeneroglu.com<\/a><\/p>\n<p>[\/vc_column_text][vc_empty_space height=&#8221;22px&#8221;][\/vc_column_inner][\/vc_row_inner][\/vc_column][\/vc_row][vc_row][vc_column width=&#8221;1\/2&#8243; offset=&#8221;vc_hidden-xs&#8221;][vc_custom_heading text=&#8221;Contact Form&#8221; font_container=&#8221;tag:h3|text_align:center&#8221; use_theme_fonts=&#8221;yes&#8221; css_animation=&#8221;fadeInLeft&#8221; decor_line=&#8221;on&#8221;][vc_column_text css_animation=&#8221;fadeInLeft&#8221;]\n<div class=\"wpcf7 no-js\" id=\"wpcf7-f1347-o1\" lang=\"tr-TR\" dir=\"ltr\" data-wpcf7-id=\"1347\">\n<div class=\"screen-reader-response\"><p role=\"status\" aria-live=\"polite\" aria-atomic=\"true\"><\/p> <ul><\/ul><\/div>\n<form action=\"\/en\/wp-json\/wp\/v2\/pages\/1343#wpcf7-f1347-o1\" method=\"post\" class=\"wpcf7-form init\" aria-label=\"\u0130leti\u015fim Formu\" novalidate=\"novalidate\" data-status=\"init\">\n<fieldset class=\"hidden-fields-container\"><input type=\"hidden\" name=\"_wpcf7\" value=\"1347\" \/><input type=\"hidden\" name=\"_wpcf7_version\" value=\"6.1.5\" \/><input type=\"hidden\" name=\"_wpcf7_locale\" value=\"tr_TR\" \/><input type=\"hidden\" name=\"_wpcf7_unit_tag\" value=\"wpcf7-f1347-o1\" \/><input type=\"hidden\" name=\"_wpcf7_container_post\" value=\"0\" \/><input type=\"hidden\" name=\"_wpcf7_posted_data_hash\" value=\"\" \/><input type=\"hidden\" name=\"_wpcf7_recaptcha_response\" value=\"\" \/>\n<\/fieldset>\n<div class=\"form-b row\">\n\t<div class=\"col-xs-12 col-sm-4\">\n\t\t<p><span class=\"wpcf7-form-control-wrap\" data-name=\"f-name\"><input size=\"40\" maxlength=\"400\" class=\"wpcf7-form-control wpcf7-text style1\" aria-invalid=\"false\" placeholder=\"Name\" value=\"\" type=\"text\" name=\"f-name\" \/><\/span>\n\t\t<\/p>\n\t<\/div>\n\t<div class=\"col-xs-12 col-sm-4\">\n\t\t<p><span class=\"wpcf7-form-control-wrap\" data-name=\"fmail\"><input size=\"40\" maxlength=\"400\" class=\"wpcf7-form-control wpcf7-text style1\" aria-invalid=\"false\" placeholder=\"E-Mail\" value=\"\" type=\"text\" name=\"fmail\" \/><\/span>\n\t\t<\/p>\n\t<\/div>\n\t<div class=\"col-xs-12 col-sm-4\">\n\t\t<p><span class=\"wpcf7-form-control-wrap\" data-name=\"f-phone\"><input size=\"40\" maxlength=\"400\" class=\"wpcf7-form-control wpcf7-text style1\" aria-invalid=\"false\" placeholder=\"Phone\" value=\"\" type=\"text\" name=\"f-phone\" \/><\/span>\n\t\t<\/p>\n\t<\/div>\n\t<div class=\"col-xs-12\">\n\t\t<p><span class=\"wpcf7-form-control-wrap\" data-name=\"f-text\"><textarea cols=\"40\" rows=\"5\" maxlength=\"2000\" class=\"wpcf7-form-control wpcf7-textarea style1\" aria-invalid=\"false\" placeholder=\"Your Message\" name=\"f-text\"><\/textarea><\/span>\n\t\t<\/p>\n\t<\/div>\n\t<div class=\"col-xs-12 tac\">\n\t\t<p><input class=\"wpcf7-form-control wpcf7-submit has-spinner button-style1\" type=\"submit\" value=\"SEND\" \/>\n\t\t<\/p>\n\t<\/div>\n<\/div><div class=\"wpcf7-response-output\" aria-hidden=\"true\"><\/div>\n<\/form>\n<\/div>\n[\/vc_column_text][\/vc_column][vc_column width=&#8221;1\/2&#8243; offset=&#8221;vc_hidden-xs&#8221;][vc_gmaps link=&#8221;#E-8_JTNDaWZyYW1lJTIwc3JjJTNEJTIyaHR0cHMlM0ElMkYlMkZ3d3cuZ29vZ2xlLmNvbSUyRm1hcHMlMkZlbWJlZCUzRnBiJTNEJTIxMW0xOCUyMTFtMTIlMjExbTMlMjExZDE5MjY2NC4zMTM2NTM4OTA0OCUyMTJkMjguNzc5MTk1MjkyNjQ3NzY3JTIxM2Q0MS4wMTY5NDM4MDI0MTE3MiUyMTJtMyUyMTFmMCUyMTJmMCUyMTNmMCUyMTNtMiUyMTFpMTAyNCUyMTJpNzY4JTIxNGYxMy4xJTIxM20zJTIxMW0yJTIxMXMweDE0Y2FiNzA4ZWEwZThjZWQlMjUzQTB4M2UyZGZhMmE3ZDJkYjQwMSUyMTJzQW1lcmlrYW4lMjUyMEhhc3RhbmVzaSUyMTVlMCUyMTNtMiUyMTFzdHIlMjEyc3RyJTIxNHYxNjA4NTAyNjk4NTE5JTIxNW0yJTIxMXN0ciUyMTJzdHIlMjIlMjB3aWR0aCUzRCUyMjYwMCUyMiUyMGhlaWdodCUzRCUyMjQ1MCUyMiUyMGZyYW1lYm9yZGVyJTNEJTIyMCUyMiUyMHN0eWxlJTNEJTIyYm9yZGVyJTNBMCUzQiUyMiUyMGFsbG93ZnVsbHNjcmVlbiUzRCUyMiUyMiUyMGFyaWEtaGlkZGVuJTNEJTIyZmFsc2UlMjIlMjB0YWJpbmRleCUzRCUyMjAlMjIlM0UlM0MlMkZpZnJhbWUlM0U=&#8221;][\/vc_column][\/vc_row][vc_row][vc_column width=&#8221;1\/2&#8243; offset=&#8221;vc_hidden-lg vc_hidden-md vc_hidden-sm&#8221;][vc_gmaps link=&#8221;#E-8_JTNDaWZyYW1lJTIwc3JjJTNEJTIyaHR0cHMlM0ElMkYlMkZ3d3cuZ29vZ2xlLmNvbSUyRm1hcHMlMkZlbWJlZCUzRnBiJTNEJTIxMW0xOCUyMTFtMTIlMjExbTMlMjExZDE5MjY2NC4zMTM2NTM4OTA0OCUyMTJkMjguNzc5MTk1MjkyNjQ3NzY3JTIxM2Q0MS4wMTY5NDM4MDI0MTE3MiUyMTJtMyUyMTFmMCUyMTJmMCUyMTNmMCUyMTNtMiUyMTFpMTAyNCUyMTJpNzY4JTIxNGYxMy4xJTIxM20zJTIxMW0yJTIxMXMweDE0Y2FiNzA4ZWEwZThjZWQlMjUzQTB4M2UyZGZhMmE3ZDJkYjQwMSUyMTJzQW1lcmlrYW4lMjUyMEhhc3RhbmVzaSUyMTVlMCUyMTNtMiUyMTFzdHIlMjEyc3RyJTIxNHYxNjA4NTAyNjk4NTE5JTIxNW0yJTIxMXN0ciUyMTJzdHIlMjIlMjB3aWR0aCUzRCUyMjYwMCUyMiUyMGhlaWdodCUzRCUyMjQ1MCUyMiUyMGZyYW1lYm9yZGVyJTNEJTIyMCUyMiUyMHN0eWxlJTNEJTIyYm9yZGVyJTNBMCUzQiUyMiUyMGFsbG93ZnVsbHNjcmVlbiUzRCUyMiUyMiUyMGFyaWEtaGlkZGVuJTNEJTIyZmFsc2UlMjIlMjB0YWJpbmRleCUzRCUyMjAlMjIlM0UlM0MlMkZpZnJhbWUlM0U=&#8221;][\/vc_column][vc_column width=&#8221;1\/2&#8243; offset=&#8221;vc_hidden-lg vc_hidden-md vc_hidden-sm&#8221;][vc_custom_heading text=&#8221;Contact Form&#8221; font_container=&#8221;tag:h3|text_align:center&#8221; use_theme_fonts=&#8221;yes&#8221; css_animation=&#8221;fadeInLeft&#8221; decor_line=&#8221;on&#8221;][vc_column_text css_animation=&#8221;fadeInLeft&#8221;]\n<div class=\"wpcf7 no-js\" id=\"wpcf7-f1347-o2\" lang=\"tr-TR\" dir=\"ltr\" data-wpcf7-id=\"1347\">\n<div class=\"screen-reader-response\"><p role=\"status\" aria-live=\"polite\" aria-atomic=\"true\"><\/p> <ul><\/ul><\/div>\n<form action=\"\/en\/wp-json\/wp\/v2\/pages\/1343#wpcf7-f1347-o2\" method=\"post\" class=\"wpcf7-form init\" aria-label=\"\u0130leti\u015fim Formu\" novalidate=\"novalidate\" data-status=\"init\">\n<fieldset class=\"hidden-fields-container\"><input type=\"hidden\" name=\"_wpcf7\" value=\"1347\" \/><input type=\"hidden\" name=\"_wpcf7_version\" value=\"6.1.5\" \/><input type=\"hidden\" name=\"_wpcf7_locale\" value=\"tr_TR\" \/><input type=\"hidden\" name=\"_wpcf7_unit_tag\" value=\"wpcf7-f1347-o2\" \/><input type=\"hidden\" name=\"_wpcf7_container_post\" value=\"0\" \/><input type=\"hidden\" name=\"_wpcf7_posted_data_hash\" value=\"\" \/><input type=\"hidden\" name=\"_wpcf7_recaptcha_response\" value=\"\" \/>\n<\/fieldset>\n<div class=\"form-b row\">\n\t<div class=\"col-xs-12 col-sm-4\">\n\t\t<p><span class=\"wpcf7-form-control-wrap\" data-name=\"f-name\"><input size=\"40\" maxlength=\"400\" class=\"wpcf7-form-control wpcf7-text style1\" aria-invalid=\"false\" placeholder=\"Name\" value=\"\" type=\"text\" name=\"f-name\" \/><\/span>\n\t\t<\/p>\n\t<\/div>\n\t<div class=\"col-xs-12 col-sm-4\">\n\t\t<p><span class=\"wpcf7-form-control-wrap\" data-name=\"fmail\"><input size=\"40\" maxlength=\"400\" class=\"wpcf7-form-control wpcf7-text style1\" aria-invalid=\"false\" placeholder=\"E-Mail\" value=\"\" type=\"text\" name=\"fmail\" \/><\/span>\n\t\t<\/p>\n\t<\/div>\n\t<div class=\"col-xs-12 col-sm-4\">\n\t\t<p><span class=\"wpcf7-form-control-wrap\" data-name=\"f-phone\"><input size=\"40\" maxlength=\"400\" class=\"wpcf7-form-control wpcf7-text style1\" aria-invalid=\"false\" placeholder=\"Phone\" value=\"\" type=\"text\" name=\"f-phone\" \/><\/span>\n\t\t<\/p>\n\t<\/div>\n\t<div class=\"col-xs-12\">\n\t\t<p><span class=\"wpcf7-form-control-wrap\" data-name=\"f-text\"><textarea cols=\"40\" rows=\"5\" maxlength=\"2000\" class=\"wpcf7-form-control wpcf7-textarea style1\" aria-invalid=\"false\" placeholder=\"Your Message\" name=\"f-text\"><\/textarea><\/span>\n\t\t<\/p>\n\t<\/div>\n\t<div class=\"col-xs-12 tac\">\n\t\t<p><input class=\"wpcf7-form-control wpcf7-submit has-spinner button-style1\" type=\"submit\" value=\"SEND\" \/>\n\t\t<\/p>\n\t<\/div>\n<\/div><div class=\"wpcf7-response-output\" aria-hidden=\"true\"><\/div>\n<\/form>\n<\/div>\n[\/vc_column_text][\/vc_column][\/vc_row]<\/p>\n<\/div>","protected":false},"excerpt":{"rendered":"<p>[vc_row][vc_column][vc_custom_heading text=&#8221;Contact&#8221; font_container=&#8221;tag:h3|text_align:left&#8221; use_theme_fonts=&#8221;yes&#8221; css_animation=&#8221;fadeInLeft&#8221; decor_line=&#8221;on&#8221;][\/vc_column][\/vc_row][vc_row css=&#8221;.vc_custom_1512121855489{padding-top: 30px !important;}&#8221;][vc_column css_animation=&#8221;fadeInLeft&#8221; width=&#8221;1\/3&#8243;][vc_row_inner css=&#8221;.vc_custom_1512122102436{margin-right: 0px !important;margin-bottom: 30px !important;margin-left: 0px !important;}&#8221;][vc_column_inner css=&#8221;.vc_custom_1512122134880{border-top-width: 1px !important;border-right-width: 1px !important;border-bottom-width: 1px !important;border-left-width: 1px !important;padding-right: 0px !important;padding-left: 0px !important;border-left-color: #ececec !important;border-left-style: solid !important;border-right-color: #ececec !important;border-right-style: solid !important;border-top-color: #ececec !important;border-top-style: solid !important;border-bottom-color: #ececec !important;border-bottom-style: solid !important;border-radius: 5px !important;}&#8221;][vc_icon icon_fontawesome=&#8221;health-care-icon-set-telephone-1&#8243; color=&#8221;turquoise&#8221; size=&#8221;lg&#8221; align=&#8221;center&#8221;][vc_column_text css=&#8221;.vc_custom_1609770098036{margin-top: -20px [&hellip;]<\/p>\n","protected":false},"author":1,"featured_media":0,"parent":0,"menu_order":0,"comment_status":"closed","ping_status":"closed","template":"template-landing.php","meta":{"footnotes":""},"class_list":["post-1343","page","type-page","status-publish","hentry"],"yoast_head":"<!-- This site is optimized with the Yoast SEO plugin v27.0 - https:\/\/yoast.com\/product\/yoast-seo-wordpress\/ -->\n<title>Contact - Prof. Dr. Egemen Ero\u011flu<\/title>\n<meta name=\"robots\" content=\"index, follow, max-snippet:-1, max-image-preview:large, max-video-preview:-1\" \/>\n<link rel=\"canonical\" href=\"https:\/\/dregemeneroglu.com\/en\/iletisim\/\" \/>\n<meta property=\"og:locale\" content=\"en_US\" \/>\n<meta property=\"og:type\" content=\"article\" \/>\n<meta property=\"og:title\" content=\"Contact - Prof. Dr. Egemen Ero\u011flu\" \/>\n<meta property=\"og:description\" content=\"[vc_row][vc_column][vc_custom_heading text=&#8221;Contact&#8221; font_container=&#8221;tag:h3|text_align:left&#8221; use_theme_fonts=&#8221;yes&#8221; css_animation=&#8221;fadeInLeft&#8221; decor_line=&#8221;on&#8221;][\/vc_column][\/vc_row][vc_row css=&#8221;.vc_custom_1512121855489{padding-top: 30px !important;}&#8221;][vc_column css_animation=&#8221;fadeInLeft&#8221; width=&#8221;1\/3&#8243;][vc_row_inner css=&#8221;.vc_custom_1512122102436{margin-right: 0px !important;margin-bottom: 30px !important;margin-left: 0px !important;}&#8221;][vc_column_inner css=&#8221;.vc_custom_1512122134880{border-top-width: 1px !important;border-right-width: 1px !important;border-bottom-width: 1px !important;border-left-width: 1px !important;padding-right: 0px !important;padding-left: 0px !important;border-left-color: #ececec !important;border-left-style: solid !important;border-right-color: #ececec !important;border-right-style: solid !important;border-top-color: #ececec !important;border-top-style: solid !important;border-bottom-color: #ececec !important;border-bottom-style: solid !important;border-radius: 5px !important;}&#8221;][vc_icon icon_fontawesome=&#8221;health-care-icon-set-telephone-1&#8243; color=&#8221;turquoise&#8221; size=&#8221;lg&#8221; align=&#8221;center&#8221;][vc_column_text css=&#8221;.vc_custom_1609770098036{margin-top: -20px [&hellip;]\" \/>\n<meta property=\"og:url\" content=\"https:\/\/dregemeneroglu.com\/en\/iletisim\/\" \/>\n<meta property=\"og:site_name\" content=\"Prof. Dr. Egemen Ero\u011flu\" \/>\n<meta property=\"article:publisher\" content=\"https:\/\/www.facebook.com\/egemen.eroglu.750\" \/>\n<meta property=\"article:modified_time\" content=\"2021-01-04T14:25:08+00:00\" \/>\n<meta name=\"twitter:card\" content=\"summary_large_image\" \/>\n<meta name=\"twitter:label1\" content=\"Est. reading time\" \/>\n\t<meta name=\"twitter:data1\" content=\"3 minutes\" \/>\n<script type=\"application\/ld+json\" class=\"yoast-schema-graph\">{\"@context\":\"https:\/\/schema.org\",\"@graph\":[{\"@type\":\"WebPage\",\"@id\":\"https:\/\/dregemeneroglu.com\/en\/iletisim\/\",\"url\":\"https:\/\/dregemeneroglu.com\/en\/iletisim\/\",\"name\":\"Contact - Prof. Dr. Egemen Ero\u011flu\",\"isPartOf\":{\"@id\":\"https:\/\/dregemeneroglu.com\/#website\"},\"datePublished\":\"2021-01-04T14:18:56+00:00\",\"dateModified\":\"2021-01-04T14:25:08+00:00\",\"breadcrumb\":{\"@id\":\"https:\/\/dregemeneroglu.com\/en\/iletisim\/#breadcrumb\"},\"inLanguage\":\"en-US\",\"potentialAction\":[{\"@type\":\"ReadAction\",\"target\":[\"https:\/\/dregemeneroglu.com\/en\/iletisim\/\"]}]},{\"@type\":\"BreadcrumbList\",\"@id\":\"https:\/\/dregemeneroglu.com\/en\/iletisim\/#breadcrumb\",\"itemListElement\":[{\"@type\":\"ListItem\",\"position\":1,\"name\":\"Ana sayfa\",\"item\":\"https:\/\/dregemeneroglu.com\/en\/\"},{\"@type\":\"ListItem\",\"position\":2,\"name\":\"Contact\"}]},{\"@type\":\"WebSite\",\"@id\":\"https:\/\/dregemeneroglu.com\/#website\",\"url\":\"https:\/\/dregemeneroglu.com\/\",\"name\":\"Prof. Dr. Egemen Ero\u011flu\",\"description\":\"\",\"publisher\":{\"@id\":\"https:\/\/dregemeneroglu.com\/#organization\"},\"potentialAction\":[{\"@type\":\"SearchAction\",\"target\":{\"@type\":\"EntryPoint\",\"urlTemplate\":\"https:\/\/dregemeneroglu.com\/?s={search_term_string}\"},\"query-input\":{\"@type\":\"PropertyValueSpecification\",\"valueRequired\":true,\"valueName\":\"search_term_string\"}}],\"inLanguage\":\"en-US\"},{\"@type\":\"Organization\",\"@id\":\"https:\/\/dregemeneroglu.com\/#organization\",\"name\":\"dregemeneroglu\",\"url\":\"https:\/\/dregemeneroglu.com\/\",\"logo\":{\"@type\":\"ImageObject\",\"inLanguage\":\"en-US\",\"@id\":\"https:\/\/dregemeneroglu.com\/#\/schema\/logo\/image\/\",\"url\":\"https:\/\/dregemeneroglu.com\/wp-content\/uploads\/2020\/12\/logo.png\",\"contentUrl\":\"https:\/\/dregemeneroglu.com\/wp-content\/uploads\/2020\/12\/logo.png\",\"width\":233,\"height\":27,\"caption\":\"dregemeneroglu\"},\"image\":{\"@id\":\"https:\/\/dregemeneroglu.com\/#\/schema\/logo\/image\/\"},\"sameAs\":[\"https:\/\/www.facebook.com\/egemen.eroglu.750\",\"https:\/\/www.instagram.com\/dregemeneroglu\/\",\"https:\/\/www.linkedin.com\/in\/egemen-ero\u011flu-a2104a87\/?originalSubdomain=tr\",\"https:\/\/www.youtube.com\/channel\/UCT0CkMDEd3C50cocD77UCaQ\"]}]}<\/script>\n<!-- \/ Yoast SEO plugin. -->","yoast_head_json":{"title":"Contact - Prof. Dr. Egemen Ero\u011flu","robots":{"index":"index","follow":"follow","max-snippet":"max-snippet:-1","max-image-preview":"max-image-preview:large","max-video-preview":"max-video-preview:-1"},"canonical":"https:\/\/dregemeneroglu.com\/en\/iletisim\/","og_locale":"en_US","og_type":"article","og_title":"Contact - Prof. Dr. Egemen Ero\u011flu","og_description":"[vc_row][vc_column][vc_custom_heading text=&#8221;Contact&#8221; font_container=&#8221;tag:h3|text_align:left&#8221; use_theme_fonts=&#8221;yes&#8221; css_animation=&#8221;fadeInLeft&#8221; decor_line=&#8221;on&#8221;][\/vc_column][\/vc_row][vc_row css=&#8221;.vc_custom_1512121855489{padding-top: 30px !important;}&#8221;][vc_column css_animation=&#8221;fadeInLeft&#8221; width=&#8221;1\/3&#8243;][vc_row_inner css=&#8221;.vc_custom_1512122102436{margin-right: 0px !important;margin-bottom: 30px !important;margin-left: 0px !important;}&#8221;][vc_column_inner css=&#8221;.vc_custom_1512122134880{border-top-width: 1px !important;border-right-width: 1px !important;border-bottom-width: 1px !important;border-left-width: 1px !important;padding-right: 0px !important;padding-left: 0px !important;border-left-color: #ececec !important;border-left-style: solid !important;border-right-color: #ececec !important;border-right-style: solid !important;border-top-color: #ececec !important;border-top-style: solid !important;border-bottom-color: #ececec !important;border-bottom-style: solid !important;border-radius: 5px !important;}&#8221;][vc_icon icon_fontawesome=&#8221;health-care-icon-set-telephone-1&#8243; color=&#8221;turquoise&#8221; size=&#8221;lg&#8221; align=&#8221;center&#8221;][vc_column_text css=&#8221;.vc_custom_1609770098036{margin-top: -20px [&hellip;]","og_url":"https:\/\/dregemeneroglu.com\/en\/iletisim\/","og_site_name":"Prof. Dr. Egemen Ero\u011flu","article_publisher":"https:\/\/www.facebook.com\/egemen.eroglu.750","article_modified_time":"2021-01-04T14:25:08+00:00","twitter_card":"summary_large_image","twitter_misc":{"Est. reading time":"3 minutes"},"schema":{"@context":"https:\/\/schema.org","@graph":[{"@type":"WebPage","@id":"https:\/\/dregemeneroglu.com\/en\/iletisim\/","url":"https:\/\/dregemeneroglu.com\/en\/iletisim\/","name":"Contact - Prof. Dr. Egemen Ero\u011flu","isPartOf":{"@id":"https:\/\/dregemeneroglu.com\/#website"},"datePublished":"2021-01-04T14:18:56+00:00","dateModified":"2021-01-04T14:25:08+00:00","breadcrumb":{"@id":"https:\/\/dregemeneroglu.com\/en\/iletisim\/#breadcrumb"},"inLanguage":"en-US","potentialAction":[{"@type":"ReadAction","target":["https:\/\/dregemeneroglu.com\/en\/iletisim\/"]}]},{"@type":"BreadcrumbList","@id":"https:\/\/dregemeneroglu.com\/en\/iletisim\/#breadcrumb","itemListElement":[{"@type":"ListItem","position":1,"name":"Ana sayfa","item":"https:\/\/dregemeneroglu.com\/en\/"},{"@type":"ListItem","position":2,"name":"Contact"}]},{"@type":"WebSite","@id":"https:\/\/dregemeneroglu.com\/#website","url":"https:\/\/dregemeneroglu.com\/","name":"Prof. Dr. Egemen Ero\u011flu","description":"","publisher":{"@id":"https:\/\/dregemeneroglu.com\/#organization"},"potentialAction":[{"@type":"SearchAction","target":{"@type":"EntryPoint","urlTemplate":"https:\/\/dregemeneroglu.com\/?s={search_term_string}"},"query-input":{"@type":"PropertyValueSpecification","valueRequired":true,"valueName":"search_term_string"}}],"inLanguage":"en-US"},{"@type":"Organization","@id":"https:\/\/dregemeneroglu.com\/#organization","name":"dregemeneroglu","url":"https:\/\/dregemeneroglu.com\/","logo":{"@type":"ImageObject","inLanguage":"en-US","@id":"https:\/\/dregemeneroglu.com\/#\/schema\/logo\/image\/","url":"https:\/\/dregemeneroglu.com\/wp-content\/uploads\/2020\/12\/logo.png","contentUrl":"https:\/\/dregemeneroglu.com\/wp-content\/uploads\/2020\/12\/logo.png","width":233,"height":27,"caption":"dregemeneroglu"},"image":{"@id":"https:\/\/dregemeneroglu.com\/#\/schema\/logo\/image\/"},"sameAs":["https:\/\/www.facebook.com\/egemen.eroglu.750","https:\/\/www.instagram.com\/dregemeneroglu\/","https:\/\/www.linkedin.com\/in\/egemen-ero\u011flu-a2104a87\/?originalSubdomain=tr","https:\/\/www.youtube.com\/channel\/UCT0CkMDEd3C50cocD77UCaQ"]}]}},"_links":{"self":[{"href":"https:\/\/dregemeneroglu.com\/en\/wp-json\/wp\/v2\/pages\/1343","targetHints":{"allow":["GET"]}}],"collection":[{"href":"https:\/\/dregemeneroglu.com\/en\/wp-json\/wp\/v2\/pages"}],"about":[{"href":"https:\/\/dregemeneroglu.com\/en\/wp-json\/wp\/v2\/types\/page"}],"author":[{"embeddable":true,"href":"https:\/\/dregemeneroglu.com\/en\/wp-json\/wp\/v2\/users\/1"}],"replies":[{"embeddable":true,"href":"https:\/\/dregemeneroglu.com\/en\/wp-json\/wp\/v2\/comments?post=1343"}],"version-history":[{"count":4,"href":"https:\/\/dregemeneroglu.com\/en\/wp-json\/wp\/v2\/pages\/1343\/revisions"}],"predecessor-version":[{"id":1348,"href":"https:\/\/dregemeneroglu.com\/en\/wp-json\/wp\/v2\/pages\/1343\/revisions\/1348"}],"wp:attachment":[{"href":"https:\/\/dregemeneroglu.com\/en\/wp-json\/wp\/v2\/media?parent=1343"}],"curies":[{"name":"wp","href":"https:\/\/api.w.org\/{rel}","templated":true}]}}