{"id":1396,"date":"2021-01-07T12:50:58","date_gmt":"2021-01-07T09:50:58","guid":{"rendered":"https:\/\/dregemeneroglu.com\/erkek-sunneti-insanlik-tarihindeki-hikayesi\/"},"modified":"2021-02-27T15:59:55","modified_gmt":"2021-02-27T12:59:55","slug":"the-story-of-human-circumcision-in-human-history","status":"publish","type":"page","link":"https:\/\/dregemeneroglu.com\/en\/the-story-of-human-circumcision-in-human-history\/","title":{"rendered":"The Story Of Human Circumcision In Human History"},"content":{"rendered":"<div class=\"wpb-content-wrapper\"><p>[vc_row equal_height=&#8221;yes&#8221; css=&#8221;.vc_custom_1608294032886{padding-top: 40px !important;}&#8221;][vc_column css_animation=&#8221;fadeInLeft&#8221;][vc_custom_heading text=&#8221;The Story Of Human Circumcision In Human History&#8221; font_container=&#8221;tag:h2|text_align:left|line_height:1.167em&#8221; use_theme_fonts=&#8221;yes&#8221; decor_line=&#8221;on&#8221;][\/vc_column][\/vc_row][vc_row full_width=&#8221;stretch_row&#8221;][vc_column][vc_single_image image=&#8221;1143&#8243; img_size=&#8221;full&#8221;][\/vc_column][\/vc_row][vc_row][vc_column][vc_column_text]Second and highly improved edition is coming soon&#8230;[\/vc_column_text][\/vc_column][\/vc_row][vc_row][vc_column][vc_tta_accordion style=&#8221;modern&#8221; spacing=&#8221;5&#8243; c_icon=&#8221;&#8221; active_section=&#8221;0&#8243;][vc_tta_section i_icon_fontawesome=&#8221;far fa-file-pdf&#8221; add_icon=&#8221;true&#8221; title=&#8221;&#8220;Complication of newborn circumcision: Meatal stenosis or meatal web?&#8220;&#8221; tab_id=&#8221;1610110307477-b65b3974-0eff&#8221;][vc_column_text]<strong>Mehmet Ali \u00d6zen, G\u00f6khan G\u00fcndo\u011fdu, Mehmet Ta\u015fdemir<sup>\u00a0<\/sup>,\u00a0Egemen Ero\u011flu<sup>\u00a0<\/sup><\/strong><\/p>\n<p><strong>Abstract<\/strong><\/p>\n<p><strong>Introduction: <\/strong>Meatal stenosis (MS) is a known complication of newborn circumcision. Symptoms are usually masked in young kids with a diaper. Deflation of urinary stream, dysuria, urinary frequency, and incontinence are the most common reported symptoms. Diagnosis of MS is still controversial. A narrow pinpoint urethral meatus is the current accepted diagnostic criteria.<\/p>\n<p><strong>Objective: <\/strong>In our practice, we observed that our cases do not overlap to the classic definition and presentation of MS. In this study, we presented our cases and aimed to share our observations.<\/p>\n<p><strong>Materials and methods: <\/strong>Records of children who had meatoplasty between 2014 with 2016 were analyzed retrospectively. Only children with MS who had had newborn circumcision performed in our clinic were included in the study. Over 500 newborn circumcisions are performed per year in our clinic using the Gomco Clamp technique. Age at diagnosis, presenting complaints, penile anomalies including urethral meatus configuration, urinary symptoms, operation methods, and postoperative follow-up were gathered.<\/p>\n<p><strong>Results: <\/strong>A total of 13 boys who were circumcised in the newborn period had undergone meatoplasty with the diagnosis of MS. The mean age at the time of meatoplasty was 52.5 \u00b1 17.9 (range 37-93 months). All children were examined before and during the circumcision. There were no associated penile anomalies, including MS. The only presenting complaint was upward deflation of urinary stream instead of other lower urinary tract symptoms. Although the appearance of the meatus was pinpoint in all cases (Figure); it was easy to calibrate with an 8-10 Fr feeding tube. There was no stenosis, but a ventral web was detected. Meatoplasty with removal of this web was performed under general anesthesia. Two sutures were applied at 5 and 7 o&#8217;clock with 7\/0 PDS. Mean postoperative follow-up time was 16.9 \u00b1 7.5 months. Children were pleased with direction of urinary stream.<\/p>\n<p><strong>Discussion: <\/strong>Both the diagnosis and morphological definition of MS have some controversies. To our knowledge, there is no similar reported study with pinpoint appearance and normal calibration of the meatus. There was no stenosis in any of them. Unlike classical MS presentations, upward deflation of urinary stream resulting from ventral web was a single presenting complaint.<\/p>\n<p><strong>Conclusions: <\/strong>Upward deflation of urinary stream can develop after neonatal circumcision because of a meatal web without stenosis, and can be cured easily with meatoplasty. Instead of &#8216;meatal stenosis&#8217;, &#8216;meatal web&#8217; may be a more appropriate term to explain the pathology in these patients.<\/p>\n<p><a href=\"https:\/\/www.sciencedirect.com\/science\/article\/abs\/pii\/S147751311730236X\">https:\/\/www.sciencedirect.com\/science\/article\/abs\/pii\/S147751311730236X<\/a>[\/vc_column_text][\/vc_tta_section][vc_tta_section i_icon_fontawesome=&#8221;far fa-file-pdf&#8221; add_icon=&#8221;true&#8221; title=&#8221;Isolated penile torsion&#8221; tab_id=&#8221;1610110307491-d6d0e2b5-0b45&#8243;][vc_column_text]<strong>Isolated penile torsion in newborns<\/strong><\/p>\n<p><strong>Egemen Eroglu,\u00a0Gokhan Gundogdu<sup>\u00a0<\/sup><\/strong><\/p>\n<p><strong>Abstract<\/strong><\/p>\n<p><strong>Introduction: <\/strong>We reported on the incidence of isolated penile torsion among our healthy children and our approach to this anomaly.<\/p>\n<p><strong>Methods: <\/strong>Between 2011 and 2014, newborn babies with penile torsion were classified according to the angle of torsion. Surgical correction (penile degloving and reattachment for moderate cases and dorsal dartos flap technique in case of resistance) after 6 months was advised to the babies with rotations more than 45\u00b0.<\/p>\n<p><strong>Results: <\/strong>Among 1000 newborn babies, 200 isolated penile torsions were found, and among these, 43 had torsions more than 45\u00b0, and 4 of these had angles greater than 90\u00b0. The mean angle of the rotations was found 30.45\u00b0 (median: 20\u00b0). In total, 8 children with 60\u00b0 torsions were previously circumcised. Surgery was performed on 19 patients, with a mean patient age of 12 \u00b1 2 months. Of these 19, 13 babies were corrected with degloving and reattachment. This technique was not enough on the remaining 6 patients; therefore, derotational dorsal dartos flap was added to correct the torsion. After a mean of 15.6 \u00b1 9.8 months, residual penile rotation, less than 15\u00b0, was found only in 2 children.<\/p>\n<p><strong>Conclusion: <\/strong>The incidence of isolated penile torsion is 20% in newborns. However, rotation more than 45\u00b0 angles are seen in 4.3% of male babies. Correction is not necessary in mild degrees, and penile degloving with reattachment is enough in most cases. If the initial correction is insufficient, dorsal dartos flap rotation is easy and effective. Prior circumcision neither disturbs the operative procedure nor affects the outcomes.<\/p>\n<p><a href=\"http:\/\/europepmc.org\/article\/PMC\/4639432\">http:\/\/europepmc.org\/article\/PMC\/4639432<\/a>[\/vc_column_text][\/vc_tta_section][vc_tta_section i_icon_fontawesome=&#8221;far fa-file-pdf&#8221; add_icon=&#8221;true&#8221; title=&#8221;&#8220;Buried Penis After Newborn Circumcision&#8220;&#8221; tab_id=&#8221;1610110692256-c32fc91c-da58&#8243;][vc_column_text]<strong>Buried penis after newborn circumcision<\/strong><\/p>\n<p><strong>Egemen Ero\u011flu,\u00a0Okan W Bastian,\u00a0Hilda C Ozkan,\u00a0Ozlem E Yorukalp,\u00a0Ayla K Goksel<\/strong><\/p>\n<p><strong>Abstract<\/strong><\/p>\n<p><strong>Purpose: <\/strong>Buried penis may develop after circumcision, mostly during infancy, presumably due to peripubic fat. A surgical approach may be recommended for psychological benefits to patients and parents, and because it is believed that this condition will not improve on its own with time. The aim of this study was to assess the natural history of buried penis after newborn circumcision.<\/p>\n<p><strong>Materials and methods: <\/strong>During a routine visit to the pediatrician infants with buried penis were assessed by a single pediatric surgeon between January 2004 and June 2007. In December 2007 all of these children were reexamined by the same pediatric surgeon and the natural growth of the genitalia was analyzed.<\/p>\n<p><strong>Results: <\/strong>A total of 88 infants were enrolled in the study. When they were first examined they were 3 to 6 months old (mean 3.3). In December 2007, after reexamination, patients were divided into groups based on age, including those younger than 1 year (14 patients), 1 to 3 years (59) and older than 3 years (15). The aspect of the genitalia was evaluated by the same pediatric surgeon for each patient. Buried penis was noted in 14 of 14 patients younger than 1 year (100%), 19 of 59 patients 1 to 3 years old (32.2%) and 1 of 15 patients older than 3 years (6.7%).<\/p>\n<p><strong>Conclusions: <\/strong>Buried penis after newborn circumcision is not permanent. As infants get older, and after beginning to walk, the appearance usually turns out to be normal. This resolution may be due to growth and\/or maturation alone. Based on our results, we do not recommend surgery for buried penis in children younger than 3 years.<\/p>\n<p><a href=\"https:\/\/www.sciencedirect.com\/science\/article\/abs\/pii\/S0022534708032965\">https:\/\/www.sciencedirect.com\/science\/article\/abs\/pii\/S0022534708032965<\/a>[\/vc_column_text][\/vc_tta_section][vc_tta_section i_icon_fontawesome=&#8221;far fa-file-pdf&#8221; add_icon=&#8221;true&#8221; title=&#8221;Does circumcision increase neonatal jaundice&#8221; tab_id=&#8221;1610110769739-4d2fd586-6b08&#8243;][vc_column_text]<strong>Does circumcision increase neonatal jaundice?<\/strong><\/p>\n<p><strong>Ero\u011flu E, Balci S, Ozkan H, Y\u00f6r\u00fckalp O, G\u00f6ksel A, Sarman G, Dayanikli P.<\/strong><\/p>\n<p><strong>Abstract<\/strong><\/p>\n<p><strong>Purpose: <\/strong>The aim of this study was to evaluate the effects of circumcision done during the early newborn period on the baby&#8217;s feeding frequency and therefore a possible effect on serum bilirubin values.<\/p>\n<p><strong>Methods: <\/strong>Sixty consecutive male patients, of whom 30 were circumcised, were comparatively followed. Babies born between 35 and 40 gestational weeks, weighing above 3000 g and who had no antenatal and\/or perinatal problems were enrolled. Changes in weight, frequency of feeds, urination, stooling and the serum bilirubin levels were compared.<\/p>\n<p><strong>Results: <\/strong>There was no statistically significant difference between the two groups.<\/p>\n<p><strong>Conclusion: <\/strong>In experienced hands, newborn circumcision on the second day of life is safe, does not affect babies&#8217; feeding frequency or bowel movements on day 3, and does not increase serum bilirubin on day 4, thus does not increase the risk of neonatal jaundice.<\/p>\n<p><a href=\"https:\/\/onlinelibrary.wiley.com\/doi\/abs\/10.1111\/j.1651-2227.2008.00913.x\">https:\/\/onlinelibrary.wiley.com\/doi\/abs\/10.1111\/j.1651-2227.2008.00913.x<\/a>[\/vc_column_text][\/vc_tta_section][\/vc_tta_accordion][\/vc_column][\/vc_row]<\/p>\n<\/div>","protected":false},"excerpt":{"rendered":"<p>[vc_row equal_height=&#8221;yes&#8221; css=&#8221;.vc_custom_1608294032886{padding-top: 40px !important;}&#8221;][vc_column css_animation=&#8221;fadeInLeft&#8221;][vc_custom_heading text=&#8221;The Story Of Human Circumcision In Human History&#8221; font_container=&#8221;tag:h2|text_align:left|line_height:1.167em&#8221; use_theme_fonts=&#8221;yes&#8221; decor_line=&#8221;on&#8221;][\/vc_column][\/vc_row][vc_row full_width=&#8221;stretch_row&#8221;][vc_column][vc_single_image image=&#8221;1143&#8243; img_size=&#8221;full&#8221;][\/vc_column][\/vc_row][vc_row][vc_column][vc_column_text]Second and highly improved edition is coming soon&#8230;[\/vc_column_text][\/vc_column][\/vc_row][vc_row][vc_column][vc_tta_accordion style=&#8221;modern&#8221; spacing=&#8221;5&#8243; c_icon=&#8221;&#8221; active_section=&#8221;0&#8243;][vc_tta_section i_icon_fontawesome=&#8221;far fa-file-pdf&#8221; add_icon=&#8221;true&#8221; title=&#8221;&#8220;Complication of newborn circumcision: Meatal stenosis or meatal web?&#8220;&#8221; tab_id=&#8221;1610110307477-b65b3974-0eff&#8221;][vc_column_text]Mehmet Ali \u00d6zen, G\u00f6khan G\u00fcndo\u011fdu, Mehmet Ta\u015fdemir\u00a0,\u00a0Egemen Ero\u011flu\u00a0 Abstract Introduction: Meatal stenosis [&hellip;]<\/p>\n","protected":false},"author":1,"featured_media":0,"parent":0,"menu_order":0,"comment_status":"closed","ping_status":"closed","template":"template-landing.php","meta":{"footnotes":""},"class_list":["post-1396","page","type-page","status-publish","hentry"],"yoast_head":"<!-- This site is optimized with the Yoast SEO plugin v27.0 - https:\/\/yoast.com\/product\/yoast-seo-wordpress\/ -->\n<title>The Story Of Human Circumcision In Human History - Prof. Dr. Egemen Ero\u011flu<\/title>\n<meta name=\"robots\" content=\"index, follow, max-snippet:-1, max-image-preview:large, max-video-preview:-1\" \/>\n<link rel=\"canonical\" href=\"https:\/\/dregemeneroglu.com\/en\/the-story-of-human-circumcision-in-human-history\/\" \/>\n<meta property=\"og:locale\" content=\"en_US\" \/>\n<meta property=\"og:type\" content=\"article\" \/>\n<meta property=\"og:title\" content=\"The Story Of Human Circumcision In Human History - Prof. Dr. Egemen Ero\u011flu\" \/>\n<meta property=\"og:description\" content=\"[vc_row equal_height=&#8221;yes&#8221; css=&#8221;.vc_custom_1608294032886{padding-top: 40px !important;}&#8221;][vc_column css_animation=&#8221;fadeInLeft&#8221;][vc_custom_heading text=&#8221;The Story Of Human Circumcision In Human History&#8221; font_container=&#8221;tag:h2|text_align:left|line_height:1.167em&#8221; use_theme_fonts=&#8221;yes&#8221; decor_line=&#8221;on&#8221;][\/vc_column][\/vc_row][vc_row full_width=&#8221;stretch_row&#8221;][vc_column][vc_single_image image=&#8221;1143&#8243; img_size=&#8221;full&#8221;][\/vc_column][\/vc_row][vc_row][vc_column][vc_column_text]Second and highly improved edition is coming soon&#8230;[\/vc_column_text][\/vc_column][\/vc_row][vc_row][vc_column][vc_tta_accordion style=&#8221;modern&#8221; spacing=&#8221;5&#8243; c_icon=&#8221;&#8221; active_section=&#8221;0&#8243;][vc_tta_section i_icon_fontawesome=&#8221;far fa-file-pdf&#8221; add_icon=&#8221;true&#8221; title=&#8221;&#8220;Complication of newborn circumcision: Meatal stenosis or meatal web?&#8220;&#8221; tab_id=&#8221;1610110307477-b65b3974-0eff&#8221;][vc_column_text]Mehmet Ali \u00d6zen, G\u00f6khan G\u00fcndo\u011fdu, Mehmet Ta\u015fdemir\u00a0,\u00a0Egemen Ero\u011flu\u00a0 Abstract Introduction: Meatal stenosis [&hellip;]\" \/>\n<meta property=\"og:url\" content=\"https:\/\/dregemeneroglu.com\/en\/the-story-of-human-circumcision-in-human-history\/\" \/>\n<meta property=\"og:site_name\" content=\"Prof. Dr. Egemen Ero\u011flu\" \/>\n<meta property=\"article:publisher\" content=\"https:\/\/www.facebook.com\/egemen.eroglu.750\" \/>\n<meta property=\"article:modified_time\" content=\"2021-02-27T12:59:55+00:00\" \/>\n<meta name=\"twitter:card\" content=\"summary_large_image\" \/>\n<meta name=\"twitter:label1\" content=\"Est. reading time\" \/>\n\t<meta name=\"twitter:data1\" content=\"6 minutes\" \/>\n<script type=\"application\/ld+json\" class=\"yoast-schema-graph\">{\"@context\":\"https:\/\/schema.org\",\"@graph\":[{\"@type\":\"WebPage\",\"@id\":\"https:\/\/dregemeneroglu.com\/en\/the-story-of-human-circumcision-in-human-history\/\",\"url\":\"https:\/\/dregemeneroglu.com\/en\/the-story-of-human-circumcision-in-human-history\/\",\"name\":\"The Story Of Human Circumcision In Human History - Prof. Dr. Egemen Ero\u011flu\",\"isPartOf\":{\"@id\":\"https:\/\/dregemeneroglu.com\/#website\"},\"datePublished\":\"2021-01-07T09:50:58+00:00\",\"dateModified\":\"2021-02-27T12:59:55+00:00\",\"breadcrumb\":{\"@id\":\"https:\/\/dregemeneroglu.com\/en\/the-story-of-human-circumcision-in-human-history\/#breadcrumb\"},\"inLanguage\":\"en-US\",\"potentialAction\":[{\"@type\":\"ReadAction\",\"target\":[\"https:\/\/dregemeneroglu.com\/en\/the-story-of-human-circumcision-in-human-history\/\"]}]},{\"@type\":\"BreadcrumbList\",\"@id\":\"https:\/\/dregemeneroglu.com\/en\/the-story-of-human-circumcision-in-human-history\/#breadcrumb\",\"itemListElement\":[{\"@type\":\"ListItem\",\"position\":1,\"name\":\"Ana sayfa\",\"item\":\"https:\/\/dregemeneroglu.com\/en\/\"},{\"@type\":\"ListItem\",\"position\":2,\"name\":\"The Story Of Human Circumcision In Human History\"}]},{\"@type\":\"WebSite\",\"@id\":\"https:\/\/dregemeneroglu.com\/#website\",\"url\":\"https:\/\/dregemeneroglu.com\/\",\"name\":\"Prof. Dr. Egemen Ero\u011flu\",\"description\":\"\",\"publisher\":{\"@id\":\"https:\/\/dregemeneroglu.com\/#organization\"},\"potentialAction\":[{\"@type\":\"SearchAction\",\"target\":{\"@type\":\"EntryPoint\",\"urlTemplate\":\"https:\/\/dregemeneroglu.com\/?s={search_term_string}\"},\"query-input\":{\"@type\":\"PropertyValueSpecification\",\"valueRequired\":true,\"valueName\":\"search_term_string\"}}],\"inLanguage\":\"en-US\"},{\"@type\":\"Organization\",\"@id\":\"https:\/\/dregemeneroglu.com\/#organization\",\"name\":\"dregemeneroglu\",\"url\":\"https:\/\/dregemeneroglu.com\/\",\"logo\":{\"@type\":\"ImageObject\",\"inLanguage\":\"en-US\",\"@id\":\"https:\/\/dregemeneroglu.com\/#\/schema\/logo\/image\/\",\"url\":\"https:\/\/dregemeneroglu.com\/wp-content\/uploads\/2020\/12\/logo.png\",\"contentUrl\":\"https:\/\/dregemeneroglu.com\/wp-content\/uploads\/2020\/12\/logo.png\",\"width\":233,\"height\":27,\"caption\":\"dregemeneroglu\"},\"image\":{\"@id\":\"https:\/\/dregemeneroglu.com\/#\/schema\/logo\/image\/\"},\"sameAs\":[\"https:\/\/www.facebook.com\/egemen.eroglu.750\",\"https:\/\/www.instagram.com\/dregemeneroglu\/\",\"https:\/\/www.linkedin.com\/in\/egemen-ero\u011flu-a2104a87\/?originalSubdomain=tr\",\"https:\/\/www.youtube.com\/channel\/UCT0CkMDEd3C50cocD77UCaQ\"]}]}<\/script>\n<!-- \/ Yoast SEO plugin. -->","yoast_head_json":{"title":"The Story Of Human Circumcision In Human History - Prof. Dr. Egemen Ero\u011flu","robots":{"index":"index","follow":"follow","max-snippet":"max-snippet:-1","max-image-preview":"max-image-preview:large","max-video-preview":"max-video-preview:-1"},"canonical":"https:\/\/dregemeneroglu.com\/en\/the-story-of-human-circumcision-in-human-history\/","og_locale":"en_US","og_type":"article","og_title":"The Story Of Human Circumcision In Human History - Prof. Dr. Egemen Ero\u011flu","og_description":"[vc_row equal_height=&#8221;yes&#8221; css=&#8221;.vc_custom_1608294032886{padding-top: 40px !important;}&#8221;][vc_column css_animation=&#8221;fadeInLeft&#8221;][vc_custom_heading text=&#8221;The Story Of Human Circumcision In Human History&#8221; font_container=&#8221;tag:h2|text_align:left|line_height:1.167em&#8221; use_theme_fonts=&#8221;yes&#8221; decor_line=&#8221;on&#8221;][\/vc_column][\/vc_row][vc_row full_width=&#8221;stretch_row&#8221;][vc_column][vc_single_image image=&#8221;1143&#8243; img_size=&#8221;full&#8221;][\/vc_column][\/vc_row][vc_row][vc_column][vc_column_text]Second and highly improved edition is coming soon&#8230;[\/vc_column_text][\/vc_column][\/vc_row][vc_row][vc_column][vc_tta_accordion style=&#8221;modern&#8221; spacing=&#8221;5&#8243; c_icon=&#8221;&#8221; active_section=&#8221;0&#8243;][vc_tta_section i_icon_fontawesome=&#8221;far fa-file-pdf&#8221; add_icon=&#8221;true&#8221; title=&#8221;&#8220;Complication of newborn circumcision: Meatal stenosis or meatal web?&#8220;&#8221; tab_id=&#8221;1610110307477-b65b3974-0eff&#8221;][vc_column_text]Mehmet Ali \u00d6zen, G\u00f6khan G\u00fcndo\u011fdu, Mehmet Ta\u015fdemir\u00a0,\u00a0Egemen Ero\u011flu\u00a0 Abstract Introduction: Meatal stenosis [&hellip;]","og_url":"https:\/\/dregemeneroglu.com\/en\/the-story-of-human-circumcision-in-human-history\/","og_site_name":"Prof. Dr. Egemen Ero\u011flu","article_publisher":"https:\/\/www.facebook.com\/egemen.eroglu.750","article_modified_time":"2021-02-27T12:59:55+00:00","twitter_card":"summary_large_image","twitter_misc":{"Est. reading time":"6 minutes"},"schema":{"@context":"https:\/\/schema.org","@graph":[{"@type":"WebPage","@id":"https:\/\/dregemeneroglu.com\/en\/the-story-of-human-circumcision-in-human-history\/","url":"https:\/\/dregemeneroglu.com\/en\/the-story-of-human-circumcision-in-human-history\/","name":"The Story Of Human Circumcision In Human History - Prof. Dr. Egemen Ero\u011flu","isPartOf":{"@id":"https:\/\/dregemeneroglu.com\/#website"},"datePublished":"2021-01-07T09:50:58+00:00","dateModified":"2021-02-27T12:59:55+00:00","breadcrumb":{"@id":"https:\/\/dregemeneroglu.com\/en\/the-story-of-human-circumcision-in-human-history\/#breadcrumb"},"inLanguage":"en-US","potentialAction":[{"@type":"ReadAction","target":["https:\/\/dregemeneroglu.com\/en\/the-story-of-human-circumcision-in-human-history\/"]}]},{"@type":"BreadcrumbList","@id":"https:\/\/dregemeneroglu.com\/en\/the-story-of-human-circumcision-in-human-history\/#breadcrumb","itemListElement":[{"@type":"ListItem","position":1,"name":"Ana sayfa","item":"https:\/\/dregemeneroglu.com\/en\/"},{"@type":"ListItem","position":2,"name":"The Story Of Human Circumcision In Human History"}]},{"@type":"WebSite","@id":"https:\/\/dregemeneroglu.com\/#website","url":"https:\/\/dregemeneroglu.com\/","name":"Prof. Dr. Egemen Ero\u011flu","description":"","publisher":{"@id":"https:\/\/dregemeneroglu.com\/#organization"},"potentialAction":[{"@type":"SearchAction","target":{"@type":"EntryPoint","urlTemplate":"https:\/\/dregemeneroglu.com\/?s={search_term_string}"},"query-input":{"@type":"PropertyValueSpecification","valueRequired":true,"valueName":"search_term_string"}}],"inLanguage":"en-US"},{"@type":"Organization","@id":"https:\/\/dregemeneroglu.com\/#organization","name":"dregemeneroglu","url":"https:\/\/dregemeneroglu.com\/","logo":{"@type":"ImageObject","inLanguage":"en-US","@id":"https:\/\/dregemeneroglu.com\/#\/schema\/logo\/image\/","url":"https:\/\/dregemeneroglu.com\/wp-content\/uploads\/2020\/12\/logo.png","contentUrl":"https:\/\/dregemeneroglu.com\/wp-content\/uploads\/2020\/12\/logo.png","width":233,"height":27,"caption":"dregemeneroglu"},"image":{"@id":"https:\/\/dregemeneroglu.com\/#\/schema\/logo\/image\/"},"sameAs":["https:\/\/www.facebook.com\/egemen.eroglu.750","https:\/\/www.instagram.com\/dregemeneroglu\/","https:\/\/www.linkedin.com\/in\/egemen-ero\u011flu-a2104a87\/?originalSubdomain=tr","https:\/\/www.youtube.com\/channel\/UCT0CkMDEd3C50cocD77UCaQ"]}]}},"_links":{"self":[{"href":"https:\/\/dregemeneroglu.com\/en\/wp-json\/wp\/v2\/pages\/1396","targetHints":{"allow":["GET"]}}],"collection":[{"href":"https:\/\/dregemeneroglu.com\/en\/wp-json\/wp\/v2\/pages"}],"about":[{"href":"https:\/\/dregemeneroglu.com\/en\/wp-json\/wp\/v2\/types\/page"}],"author":[{"embeddable":true,"href":"https:\/\/dregemeneroglu.com\/en\/wp-json\/wp\/v2\/users\/1"}],"replies":[{"embeddable":true,"href":"https:\/\/dregemeneroglu.com\/en\/wp-json\/wp\/v2\/comments?post=1396"}],"version-history":[{"count":18,"href":"https:\/\/dregemeneroglu.com\/en\/wp-json\/wp\/v2\/pages\/1396\/revisions"}],"predecessor-version":[{"id":1565,"href":"https:\/\/dregemeneroglu.com\/en\/wp-json\/wp\/v2\/pages\/1396\/revisions\/1565"}],"wp:attachment":[{"href":"https:\/\/dregemeneroglu.com\/en\/wp-json\/wp\/v2\/media?parent=1396"}],"curies":[{"name":"wp","href":"https:\/\/api.w.org\/{rel}","templated":true}]}}